{"id":5735,"date":"2025-06-25T17:16:04","date_gmt":"2025-06-25T15:16:04","guid":{"rendered":"https:\/\/www.10-q.at\/?page_id=5735"},"modified":"2025-06-25T18:04:47","modified_gmt":"2025-06-25T16:04:47","slug":"impressao","status":"publish","type":"page","link":"https:\/\/www.10-q.at\/pt\/impressum\/","title":{"rendered":"impress\u00e3o"},"content":{"rendered":"<section class=\"wf_text shell\">\r\n    <h1 class='wf_text_title'>Imprime:<\/h1>    <div class=\"wf_text_content\">\r\n        <p>\r\n            <p class=\"wp-block-heading\">Dever de fornecer informa\u00e7\u00f5es em conformidade com o \u00a7 5 da Lei do Com\u00e9rcio Eletr\u00f3nico, \u00a7 14 do C\u00f3digo das Sociedades Comerciais, \u00a7 63 dos Regulamentos Comerciais &amp;<br \/>\nObriga\u00e7\u00e3o de divulga\u00e7\u00e3o de acordo com o \u00a7 25 da Lei dos Meios de Comunica\u00e7\u00e3o Social<\/p>\n<h2><strong>10\/kju:\/e.U.<br \/>\n<\/strong><\/h2>\n<p><strong><br \/>\n<\/strong>Wehlistrasse 157\/19<br \/>\n1020 Viena<br \/>\noffice@10-q.at<\/p>\n<h2>Representado por:<\/h2>\n<p>Propriet\u00e1rio: Amid AMIDOV<\/p>\n<h2>Regista a entrada:<\/h2>\n<p>Inscri\u00e7\u00e3o no registo comercial.<br \/>\nTribunal de registo: Tribunal de Com\u00e9rcio de Viena<br \/>\nN\u00famero de registo: 624908 h<\/p>\n<h2>Imposto sobre o valor acrescentado:<\/h2>\n<p>N\u00famero de identifica\u00e7\u00e3o fiscal de acordo com a legisla\u00e7\u00e3o relativa ao imposto sobre vendas:<br \/>\nN.\u00ba UID: ATU80736928<\/p>\n<h2>Gabinete distrital do magistrado respons\u00e1vel:<\/h2>\n<p>Munic\u00edpio da cidade de Viena<br \/>\nGabinete Municipal do 2\u00ba e 20\u00ba Distrito<br \/>\nA-1200 Viena, Brigittaplatz 10<br \/>\nTelefone: +43 1 4000 02000<br \/>\nFax: +43 1 4000 99 23210<br \/>\nCorreio eletr\u00f3nico:\u00a0<a href=\"mailto:post@mba20.wien.gv.at\">post@mba20.wien.gv.at<\/a><br \/>\nwww.gewerbe.wien.at<\/p>\n<h2 class=\"wp-block-heading\">C\u00e2mara\/associa\u00e7\u00e3o profissional:<\/h2>\n<p>C\u00e2mara Econ\u00f3mica Federal Austr\u00edaca, Divis\u00e3o de Transportes e Tr\u00e1fego, Associa\u00e7\u00e3o Profissional da Ind\u00fastria de Transportes com Autom\u00f3veis de Passageiros<\/p>\n<h2>Princ\u00edpio da igualdade de tratamento nos transportes<\/h2>\n<p>10 Q oferece servi\u00e7os de transporte exclusivamente em fun\u00e7\u00e3o da disponibilidade de motoristas - independentemente da partida ou do destino geogr\u00e1fico. N\u00e3o \u00e9 feita qualquer distin\u00e7\u00e3o com base na origem \u00e9tnica, cor da pele, nacionalidade, religi\u00e3o, orienta\u00e7\u00e3o sexual, identidade de g\u00e9nero, estado civil, defici\u00eancia, idade ou outras carater\u00edsticas legalmente protegidas, tal como definidas pela legisla\u00e7\u00e3o federal ou estadual aplic\u00e1vel.<\/p>\n<h2>Nota sobre a resolu\u00e7\u00e3o de lit\u00edgios e a arbitragem em linha<\/h2>\n<p data-start=\"256\" data-end=\"657\">A Comiss\u00e3o Europeia disponibiliza uma plataforma para a resolu\u00e7\u00e3o de lit\u00edgios em linha (a chamada <strong data-start=\"344\" data-end=\"360\">Plataforma do SO<\/strong>) est\u00e1 dispon\u00edvel. Esta serve de ponto de contacto central para a resolu\u00e7\u00e3o extrajudicial de lit\u00edgios decorrentes de contratos de compra ou de presta\u00e7\u00e3o de servi\u00e7os em linha. A plataforma ODR pode ser acedida atrav\u00e9s da seguinte liga\u00e7\u00e3o: \ud83d\udc49 <a class=\"\" href=\"https:\/\/ec.europa.eu\/consumers\/odr\" target=\"_new\" rel=\"noopener\" data-start=\"585\" data-end=\"657\">https:\/\/ec.europa.eu\/consumers\/odr<\/a><\/p>\n<p data-start=\"659\" data-end=\"830\">10 Q declara que n\u00e3o est\u00e1 disposta nem \u00e9 obrigada a participar num processo de resolu\u00e7\u00e3o de lit\u00edgios perante uma comiss\u00e3o de arbitragem de consumidores.<\/p>\n        <\/p>\r\n\r\n        <div><p><\/p><\/div>    <\/div>\r\n    \r\n    <figure itemscope=\"\" itemtype=\"http:\/\/schema.org\/ImageObject\">\r\n                <!-- Passed argument 'attachment_id' is NOT a number! -->        <div>\r\n            <!-- Passed argument 'attachment_id' is NOT a number! -->\r\n            <p><\/p>\r\n\r\n        <\/div>\r\n\r\n    <\/figure>\r\n<\/section>","protected":false},"excerpt":{"rendered":"","protected":false},"author":4,"featured_media":0,"parent":0,"menu_order":0,"comment_status":"closed","ping_status":"closed","template":"","meta":{"footnotes":""},"class_list":["post-5735","page","type-page","status-publish","hentry"],"_links":{"self":[{"href":"https:\/\/www.10-q.at\/pt\/wp-json\/wp\/v2\/pages\/5735","targetHints":{"allow":["GET"]}}],"collection":[{"href":"https:\/\/www.10-q.at\/pt\/wp-json\/wp\/v2\/pages"}],"about":[{"href":"https:\/\/www.10-q.at\/pt\/wp-json\/wp\/v2\/types\/page"}],"author":[{"embeddable":true,"href":"https:\/\/www.10-q.at\/pt\/wp-json\/wp\/v2\/users\/4"}],"replies":[{"embeddable":true,"href":"https:\/\/www.10-q.at\/pt\/wp-json\/wp\/v2\/comments?post=5735"}],"version-history":[{"count":10,"href":"https:\/\/www.10-q.at\/pt\/wp-json\/wp\/v2\/pages\/5735\/revisions"}],"predecessor-version":[{"id":5777,"href":"https:\/\/www.10-q.at\/pt\/wp-json\/wp\/v2\/pages\/5735\/revisions\/5777"}],"wp:attachment":[{"href":"https:\/\/www.10-q.at\/pt\/wp-json\/wp\/v2\/media?parent=5735"}],"curies":[{"name":"wp","href":"https:\/\/api.w.org\/{rel}","templated":true}]}}