{"id":418,"date":"2025-02-02T08:09:12","date_gmt":"2025-02-02T08:09:12","guid":{"rendered":"https:\/\/10-q.at\/?page_id=418"},"modified":"2025-06-04T09:00:57","modified_gmt":"2025-06-04T07:00:57","slug":"sobre-nos","status":"publish","type":"page","link":"https:\/\/www.10-q.at\/pt\/ueber-uns\/","title":{"rendered":"sobre n\u00f3s"},"content":{"rendered":"<section class=\"wf_intro  wf_intro--lg wf_intro--left\">\n\n\n\n    \t<figure\n\t\t\t\titemscope=\"\"\n\t\titemtype=\"http:\/\/schema.org\/ImageObject\">\n\t\t\t<picture>\n\t\t\t\t\t\t<source\n\t\t\t\t\tmedia=\"(min-width: 1024px)\"\n\t\t\t\t\tsrcset=\"https:\/\/www.10-q.at\/wp-content\/uploads\/2025\/05\/chauffeur-alle-hofburg-scaled-1920x9999-1.jpg\"\n\t\t\t\t\twidth=\"1920\"\n\t\t\t\t\theight=\"1280\">\n\t\t\t\t\t\t\t\t<source\n\t\t\t\t\tmedia=\"(min-width: 600px)\"\n\t\t\t\t\tsrcset=\"https:\/\/www.10-q.at\/wp-content\/uploads\/2025\/05\/chauffeur-alle-hofburg-scaled-1024x9999-1.jpg\"\n\t\t\t\t\twidth=\"1024\"\n\t\t\t\t\theight=\"683\">\n\t\t\t\t\t\t\t\t<source\n\t\t\t\t\tmedia=\"(min-width: 1px)\"\n\t\t\t\t\tsrcset=\"https:\/\/www.10-q.at\/wp-content\/uploads\/2025\/05\/chauffeur-alle-hofburg-scaled-600x9999-1.jpg\"\n\t\t\t\t\twidth=\"600\"\n\t\t\t\t\theight=\"400\">\n\t\t\t\t\t    <img\n\t    \t\t    \tsrc=\"https:\/\/www.10-q.at\/wp-content\/uploads\/2025\/05\/chauffeur-alle-hofburg-scaled-1920x9999.jpg\"\n\t    \twidth=\"1920\"\n\t    \theight=\"1707\"\n\t    \talt=\"servi\u00e7o de motorista_sobre_n\u00f3s\">\n\t<\/picture>\n\t<noscript>\n\t    <img\n\t    \tsrc=\"https:\/\/www.10-q.at\/wp-content\/uploads\/2025\/05\/chauffeur-alle-hofburg-scaled-1920x9999.jpg\"\n\t    \talt=\"servi\u00e7o de motorista_sobre_n\u00f3s\">\n\t<\/noscript>\n\t\t<\/figure>\n\t\n    <div class=\"wf_intro_content\">\n        <h2 class='t1'>O teu servi\u00e7o de motorista profissional em Viena<\/h2><p class='wf_intro_subtitle'><p>Somos um fornecedor local de servi\u00e7os de transfer em Viena. Oferecemos transferes para o aeroporto, para o hotel e de longa dist\u00e2ncia.<\/p>\n<\/p>\n        \n    <\/div>\n\n    <a href=\"#\" class=\"wf_scroll\">\n                <svg xmlns=\"http:\/\/www.w3.org\/2000\/svg\" class=\"i i-arrow-right\">\n            <use xlink:href=\"https:\/\/www.10-q.at\/wp-content\/themes\/webfactor\/assets\/newicons\/sprite-main.svg#arrow-right\"><\/use>\n        <\/svg>\n            <\/a>\n<\/section>\n\n<section class=\"wf_brands nojs shell--lg wf_brands--dark\">\n\n    \n    <div class=\"keen-slider\">\n                    <a href=\"#\" class=\"keen-slider__slide\">\n                \t<img\n\t\t\t\tsrc=\"https:\/\/www.10-q.at\/wp-content\/uploads\/2025\/02\/brand1-191x81.png\"\n\t\twidth=\"192\"\n\t\theight=\"81\"\n\t\talt=\"Fogo 1\">\n\t<noscript>\n\t    <img decoding=\"async\" src=\"https:\/\/www.10-q.at\/wp-content\/uploads\/2025\/02\/brand1-191x81.png\" alt=\"Fogo 1\">\n\t<\/noscript>\n\t            <\/a>\n                        <a href=\"#\" class=\"keen-slider__slide\">\n                \t<img\n\t\t\t\tsrc=\"https:\/\/www.10-q.at\/wp-content\/uploads\/2025\/02\/brand2-191x81.png\"\n\t\twidth=\"191\"\n\t\theight=\"81\"\n\t\talt=\"Fogo 2\">\n\t<noscript>\n\t    <img decoding=\"async\" src=\"https:\/\/www.10-q.at\/wp-content\/uploads\/2025\/02\/brand2-191x81.png\" alt=\"Fogo 2\">\n\t<\/noscript>\n\t            <\/a>\n                        <a href=\"#\" class=\"keen-slider__slide\">\n                \t<img\n\t\t\t\tsrc=\"https:\/\/www.10-q.at\/wp-content\/uploads\/2025\/02\/brand3-191x81.png\"\n\t\twidth=\"191\"\n\t\theight=\"81\"\n\t\talt=\"Fogo 3\">\n\t<noscript>\n\t    <img decoding=\"async\" src=\"https:\/\/www.10-q.at\/wp-content\/uploads\/2025\/02\/brand3-191x81.png\" alt=\"Fogo 3\">\n\t<\/noscript>\n\t            <\/a>\n                        <a href=\"#\" class=\"keen-slider__slide\">\n                \t<img\n\t\t\t\tsrc=\"https:\/\/www.10-q.at\/wp-content\/uploads\/2025\/02\/brand1-191x81.png\"\n\t\twidth=\"192\"\n\t\theight=\"81\"\n\t\talt=\"Fogo 4\">\n\t<noscript>\n\t    <img decoding=\"async\" src=\"https:\/\/www.10-q.at\/wp-content\/uploads\/2025\/02\/brand1-191x81.png\" alt=\"Fogo 4\">\n\t<\/noscript>\n\t            <\/a>\n                        <a href=\"#\" class=\"keen-slider__slide\">\n                \t<img\n\t\t\t\tsrc=\"https:\/\/www.10-q.at\/wp-content\/uploads\/2025\/02\/brand2-191x81.png\"\n\t\twidth=\"191\"\n\t\theight=\"81\"\n\t\talt=\"Fogo 5\">\n\t<noscript>\n\t    <img decoding=\"async\" src=\"https:\/\/www.10-q.at\/wp-content\/uploads\/2025\/02\/brand2-191x81.png\" alt=\"Fogo 5\">\n\t<\/noscript>\n\t            <\/a>\n                        <a href=\"#\" class=\"keen-slider__slide\">\n                \t<img\n\t\t\t\tsrc=\"https:\/\/www.10-q.at\/wp-content\/uploads\/2025\/02\/brand3-191x81.png\"\n\t\twidth=\"191\"\n\t\theight=\"81\"\n\t\talt=\"Fogo 6\">\n\t<noscript>\n\t    <img decoding=\"async\" src=\"https:\/\/www.10-q.at\/wp-content\/uploads\/2025\/02\/brand3-191x81.png\" alt=\"Fogo 6\">\n\t<\/noscript>\n\t            <\/a>\n                        <a href=\"#\" class=\"keen-slider__slide\">\n                \t<img\n\t\t\t\tsrc=\"https:\/\/www.10-q.at\/wp-content\/uploads\/2025\/02\/brand4-191x81.png\"\n\t\twidth=\"191\"\n\t\theight=\"81\"\n\t\talt=\"Fogo 7\">\n\t<noscript>\n\t    <img decoding=\"async\" src=\"https:\/\/www.10-q.at\/wp-content\/uploads\/2025\/02\/brand4-191x81.png\" alt=\"Fogo 7\">\n\t<\/noscript>\n\t            <\/a>\n                        <a href=\"#\" class=\"keen-slider__slide\">\n                \t<img\n\t\t\t\tsrc=\"https:\/\/www.10-q.at\/wp-content\/uploads\/2025\/02\/brand5-191x81.png\"\n\t\twidth=\"191\"\n\t\theight=\"81\"\n\t\talt=\"Fogo 8\">\n\t<noscript>\n\t    <img decoding=\"async\" src=\"https:\/\/www.10-q.at\/wp-content\/uploads\/2025\/02\/brand5-191x81.png\" alt=\"Fogo 8\">\n\t<\/noscript>\n\t            <\/a>\n                        <a href=\"#\" class=\"keen-slider__slide\">\n                \t<img\n\t\t\t\tsrc=\"https:\/\/www.10-q.at\/wp-content\/uploads\/2025\/02\/brand6-191x81.png\"\n\t\twidth=\"191\"\n\t\theight=\"81\"\n\t\talt=\"Fogo 9\">\n\t<noscript>\n\t    <img decoding=\"async\" src=\"https:\/\/www.10-q.at\/wp-content\/uploads\/2025\/02\/brand6-191x81.png\" alt=\"Fogo 9\">\n\t<\/noscript>\n\t            <\/a>\n                        <a href=\"#\" class=\"keen-slider__slide\">\n                \t<img\n\t\t\t\tsrc=\"https:\/\/www.10-q.at\/wp-content\/uploads\/2025\/02\/brand7-191x81.png\"\n\t\twidth=\"191\"\n\t\theight=\"81\"\n\t\talt=\"Fogo 10\">\n\t<noscript>\n\t    <img decoding=\"async\" src=\"https:\/\/www.10-q.at\/wp-content\/uploads\/2025\/02\/brand7-191x81.png\" alt=\"Fogo 10\">\n\t<\/noscript>\n\t            <\/a>\n                <\/div>\n\n<\/section>\n\n\n<section class=\"wf_stats\">\n    \t<figure\n\t\t\t\titemscope=\"\"\n\t\titemtype=\"http:\/\/schema.org\/ImageObject\">\n\t\t\t<picture>\n\t\t\t\t\t\t<source\n\t\t\t\t\tmedia=\"(min-width: 1024px)\"\n\t\t\t\t\tsrcset=\"https:\/\/www.10-q.at\/wp-content\/uploads\/2025\/02\/stats-1920x300.png\"\n\t\t\t\t\twidth=\"450\"\n\t\t\t\t\theight=\"300\">\n\t\t\t\t\t\t\t\t<source\n\t\t\t\t\tmedia=\"(min-width: 1px)\"\n\t\t\t\t\tsrcset=\"https:\/\/www.10-q.at\/wp-content\/uploads\/2025\/02\/stats-1024x9999.png\"\n\t\t\t\t\twidth=\"1024\"\n\t\t\t\t\theight=\"682\">\n\t\t\t\t\t    <img\n\t    \t\t    \tsrc=\"https:\/\/www.10-q.at\/wp-content\/uploads\/2025\/02\/stats-1920x9999.png\"\n\t    \twidth=\"1920\"\n\t    \theight=\"1333\"\n\t    \talt=\"Estat\u00edsticas \">\n\t<\/picture>\n\t<noscript>\n\t    <img\n\t    \tsrc=\"https:\/\/www.10-q.at\/wp-content\/uploads\/2025\/02\/stats-1920x9999.png\"\n\t    \talt=\"Estat\u00edsticas \">\n\t<\/noscript>\n\t\t<\/figure>\n\t    <div>\n                <svg xmlns=\"http:\/\/www.w3.org\/2000\/svg\" class=\"i i-star\">\n            <use xlink:href=\"https:\/\/www.10-q.at\/wp-content\/themes\/webfactor\/assets\/newicons\/sprite-main.svg#star\"><\/use>\n        <\/svg>\n                <h2>Coment\u00e1rios de 5 estrelas<\/h2>\n        <p class=\"stat-number\" data-max=\"154234\">0<\/p>\n    <\/div>\n    <div>\n                <svg xmlns=\"http:\/\/www.w3.org\/2000\/svg\" class=\"i i-accident\">\n            <use xlink:href=\"https:\/\/www.10-q.at\/wp-content\/themes\/webfactor\/assets\/newicons\/sprite-main.svg#accident\"><\/use>\n        <\/svg>\n                <h2>Acidentes<\/h2>\n        <p class=\"stat-number\" data-max=\"0\">0<\/p>\n    <\/div>\n    <div>\n                <svg xmlns=\"http:\/\/www.w3.org\/2000\/svg\" class=\"i i-racing\">\n            <use xlink:href=\"https:\/\/www.10-q.at\/wp-content\/themes\/webfactor\/assets\/newicons\/sprite-main.svg#racing\"><\/use>\n        <\/svg>\n                <h2>Passeios<\/h2>\n        <p class=\"stat-number\" data-max=\"\">0<\/p>\n    <\/div>\n    <div>\n                <svg xmlns=\"http:\/\/www.w3.org\/2000\/svg\" class=\"i i-accident\">\n            <use xlink:href=\"https:\/\/www.10-q.at\/wp-content\/themes\/webfactor\/assets\/newicons\/sprite-main.svg#accident\"><\/use>\n        <\/svg>\n                <h2>Horas de condu\u00e7\u00e3o<\/h2>\n        <p class=\"stat-number\" data-max=\"945\">0<\/p>\n    <\/div>\n<\/section>\n\n<section class=\"wf_history\">\r\n    <div class=\"shell--ty\">\r\n        <h2 class='t2'>A nossa hist\u00f3ria<\/h2><p class='p1'><p>Lorem ipsum dolor sit amet, consectetur adipiscing elit. Morbi non tempus felis, eget ornare nisl. Aenean gravida urna ac eros ullamcorper aliquet. Nam et lacinia massa, scelerisque hendrerit velit. Lorem ipsum dolor sit amet, consectetur adipiscing elit.<\/p>\n<\/p>        <div class=\"wf_history_timeline\">\r\n                            <div>\r\n                    <p class=\"l\">2010<\/p>\r\n                    <bdi><\/bdi>\r\n                    <p class=\"r\">\r\n                        <strong>Lan\u00e7\u00e1mos o 10-Q<\/strong>\r\n                        <span>Viaja com conforto num ve\u00edculo de qualidade superior e tem a certeza de que cada viagem \u00e9 compensada em termos de carbono.<\/span>\r\n                    <\/p>\r\n                <\/div>\r\n                                <div>\r\n                    <p class=\"l\">2014<\/p>\r\n                    <bdi><\/bdi>\r\n                    <p class=\"r\">\r\n                        <strong>Come\u00e7\u00e1mos a trabalhar com parceiros<\/strong>\r\n                        <span>Viaja com conforto num ve\u00edculo de qualidade superior e tem a certeza de que cada viagem \u00e9 compensada em termos de carbono.<\/span>\r\n                    <\/p>\r\n                <\/div>\r\n                                <div>\r\n                    <p class=\"l\">2020<\/p>\r\n                    <bdi><\/bdi>\r\n                    <p class=\"r\">\r\n                        <strong>Desfruta de paz de esp\u00edrito<\/strong>\r\n                        <span>Viaja com conforto num ve\u00edculo de qualidade superior e tem a certeza de que cada viagem \u00e9 compensada em termos de carbono.<\/span>\r\n                    <\/p>\r\n                <\/div>\r\n                                <div>\r\n                    <p class=\"l\">Hoje<\/p>\r\n                    <bdi><\/bdi>\r\n                    <p class=\"r\">\r\n                        <strong>Desfruta de paz de esp\u00edrito<\/strong>\r\n                        <span>Viaja com conforto num ve\u00edculo de qualidade superior e tem a certeza de que cada viagem \u00e9 compensada em termos de carbono.<\/span>\r\n                    <\/p>\r\n                <\/div>\r\n                        <\/div>\r\n    <\/div>\r\n<\/section>\n\n<section class=\"wf_banner\">\n\t\n    \t<figure\n\t\t\t\titemscope=\"\"\n\t\titemtype=\"http:\/\/schema.org\/ImageObject\">\n\t\t\t<picture>\n\t\t\t\t\t\t<source\n\t\t\t\t\tmedia=\"(min-width: 1024px)\"\n\t\t\t\t\tsrcset=\"https:\/\/www.10-q.at\/wp-content\/uploads\/2025\/02\/banner1-1920x664-1.png\"\n\t\t\t\t\twidth=\"1920\"\n\t\t\t\t\theight=\"542\">\n\t\t\t\t\t\t\t\t<source\n\t\t\t\t\tmedia=\"(min-width: 600)\"\n\t\t\t\t\tsrcset=\"https:\/\/www.10-q.at\/wp-content\/uploads\/2025\/02\/banner1-1024x664.png\"\n\t\t\t\t\twidth=\"1024\"\n\t\t\t\t\theight=\"289\">\n\t\t\t\t\t\t\t\t<source\n\t\t\t\t\tmedia=\"(min-width: 1px)\"\n\t\t\t\t\tsrcset=\"https:\/\/www.10-q.at\/wp-content\/uploads\/2025\/02\/banner1-1920x664-1.png\"\n\t\t\t\t\twidth=\"1920\"\n\t\t\t\t\theight=\"542\">\n\t\t\t\t\t    <img\n\t    \t\t    \tsrc=\"https:\/\/www.10-q.at\/wp-content\/uploads\/2025\/02\/banner1-1920x664.png\"\n\t    \twidth=\"1920\"\n\t    \theight=\"542\"\n\t    \talt=\"\">\n\t<\/picture>\n\t<noscript>\n\t    <img\n\t    \tsrc=\"https:\/\/www.10-q.at\/wp-content\/uploads\/2025\/02\/banner1-1920x664.png\"\n\t    \talt=\"\">\n\t<\/noscript>\n\t\t<\/figure>\n\t\n    <div>\n        <h2 class='t2'><p>A nossa miss\u00e3o<\/p>\n<\/h2>        <p class=\"p1\">Lorem ipsum dolor sit amet, consectetur adipiscing elit. Morbi non tempus felis, eget ornare nisl. Aenean gravida urna ac eros ullamcorper aliquet. Nam et lacinia massa, scelerisque hendrerit velit. Lorem ipsum dolor sit amet, consectetur adipiscing elit.<\/p>\n    <\/div>\n<\/section>\n\n<section class=\"wf_banner wf_banner--reverse\">\n\t\n    \t<figure\n\t\t\t\titemscope=\"\"\n\t\titemtype=\"http:\/\/schema.org\/ImageObject\">\n\t\t\t<picture>\n\t\t\t\t\t\t<source\n\t\t\t\t\tmedia=\"(min-width: 1024px)\"\n\t\t\t\t\tsrcset=\"https:\/\/www.10-q.at\/wp-content\/uploads\/2025\/02\/banner2-1920x664-1.png\"\n\t\t\t\t\twidth=\"1920\"\n\t\t\t\t\theight=\"542\">\n\t\t\t\t\t\t\t\t<source\n\t\t\t\t\tmedia=\"(min-width: 600)\"\n\t\t\t\t\tsrcset=\"https:\/\/www.10-q.at\/wp-content\/uploads\/2025\/02\/banner2-1024x664.png\"\n\t\t\t\t\twidth=\"1024\"\n\t\t\t\t\theight=\"289\">\n\t\t\t\t\t\t\t\t<source\n\t\t\t\t\tmedia=\"(min-width: 1px)\"\n\t\t\t\t\tsrcset=\"https:\/\/www.10-q.at\/wp-content\/uploads\/2025\/02\/banner2-1920x664-1.png\"\n\t\t\t\t\twidth=\"1920\"\n\t\t\t\t\theight=\"542\">\n\t\t\t\t\t    <img\n\t    \t\t    \tsrc=\"https:\/\/www.10-q.at\/wp-content\/uploads\/2025\/02\/banner2-1920x664.png\"\n\t    \twidth=\"1920\"\n\t    \theight=\"542\"\n\t    \talt=\"Os nossos motoristas\">\n\t<\/picture>\n\t<noscript>\n\t    <img\n\t    \tsrc=\"https:\/\/www.10-q.at\/wp-content\/uploads\/2025\/02\/banner2-1920x664.png\"\n\t    \talt=\"Os nossos motoristas\">\n\t<\/noscript>\n\t\t<\/figure>\n\t\n    <div>\n        <h2 class='t2'><p>Os nossos motoristas<\/p>\n<\/h2>        <p class=\"p1\">Lorem ipsum dolor sit amet, consectetur adipiscing elit. Morbi non tempus felis, eget ornare nisl. Aenean gravida urna ac eros ullamcorper aliquet. Nam et lacinia massa, scelerisque hendrerit velit. Lorem ipsum dolor sit amet, consectetur adipiscing elit.<\/p>\n    <\/div>\n<\/section>\n\n<section class=\"wf_banner\">\n\t\n    \t<figure\n\t\t\t\titemscope=\"\"\n\t\titemtype=\"http:\/\/schema.org\/ImageObject\">\n\t\t\t<picture>\n\t\t\t\t\t\t<source\n\t\t\t\t\tmedia=\"(min-width: 1024px)\"\n\t\t\t\t\tsrcset=\"https:\/\/www.10-q.at\/wp-content\/uploads\/2025\/02\/banner3-1920x664-1.png\"\n\t\t\t\t\twidth=\"1920\"\n\t\t\t\t\theight=\"542\">\n\t\t\t\t\t\t\t\t<source\n\t\t\t\t\tmedia=\"(min-width: 600)\"\n\t\t\t\t\tsrcset=\"https:\/\/www.10-q.at\/wp-content\/uploads\/2025\/02\/banner3-1024x664.png\"\n\t\t\t\t\twidth=\"1024\"\n\t\t\t\t\theight=\"289\">\n\t\t\t\t\t\t\t\t<source\n\t\t\t\t\tmedia=\"(min-width: 1px)\"\n\t\t\t\t\tsrcset=\"https:\/\/www.10-q.at\/wp-content\/uploads\/2025\/02\/banner3-1920x664-1.png\"\n\t\t\t\t\twidth=\"1920\"\n\t\t\t\t\theight=\"542\">\n\t\t\t\t\t    <img\n\t    \t\t    \tsrc=\"https:\/\/www.10-q.at\/wp-content\/uploads\/2025\/02\/banner3-1920x664.png\"\n\t    \twidth=\"1920\"\n\t    \theight=\"542\"\n\t    \talt=\"Os nossos valores\">\n\t<\/picture>\n\t<noscript>\n\t    <img\n\t    \tsrc=\"https:\/\/www.10-q.at\/wp-content\/uploads\/2025\/02\/banner3-1920x664.png\"\n\t    \talt=\"Os nossos valores\">\n\t<\/noscript>\n\t\t<\/figure>\n\t\n    <div>\n        <h2 class='t2'><p>Os nossos valores<\/p>\n<\/h2>        <p class=\"p1\">Lorem ipsum dolor sit amet, consectetur adipiscing elit. Morbi non tempus felis, eget ornare nisl. Aenean gravida urna ac eros ullamcorper aliquet. Nam et lacinia massa, scelerisque hendrerit velit. Lorem ipsum dolor sit amet, consectetur adipiscing elit.<\/p>\n    <\/div>\n<\/section>\n\n<section class=\"wf_choose_us\">\r\n    <h2 class='wf_choose_us_t'>Escolhe 10-Q Chauffeur Service Vienna e descobre a diferen\u00e7a que uma equipa dedicada e profissional pode fazer. Deixa-nos tratar da condu\u00e7\u00e3o, enquanto relaxa e desfruta da viagem.<\/h2><\/section>","protected":false},"excerpt":{"rendered":"","protected":false},"author":4,"featured_media":0,"parent":0,"menu_order":0,"comment_status":"closed","ping_status":"closed","template":"","meta":{"footnotes":""},"class_list":["post-418","page","type-page","status-publish","hentry"],"_links":{"self":[{"href":"https:\/\/www.10-q.at\/pt\/wp-json\/wp\/v2\/pages\/418","targetHints":{"allow":["GET"]}}],"collection":[{"href":"https:\/\/www.10-q.at\/pt\/wp-json\/wp\/v2\/pages"}],"about":[{"href":"https:\/\/www.10-q.at\/pt\/wp-json\/wp\/v2\/types\/page"}],"author":[{"embeddable":true,"href":"https:\/\/www.10-q.at\/pt\/wp-json\/wp\/v2\/users\/4"}],"replies":[{"embeddable":true,"href":"https:\/\/www.10-q.at\/pt\/wp-json\/wp\/v2\/comments?post=418"}],"version-history":[{"count":10,"href":"https:\/\/www.10-q.at\/pt\/wp-json\/wp\/v2\/pages\/418\/revisions"}],"predecessor-version":[{"id":4568,"href":"https:\/\/www.10-q.at\/pt\/wp-json\/wp\/v2\/pages\/418\/revisions\/4568"}],"wp:attachment":[{"href":"https:\/\/www.10-q.at\/pt\/wp-json\/wp\/v2\/media?parent=418"}],"curies":[{"name":"wp","href":"https:\/\/api.w.org\/{rel}","templated":true}]}}