{"id":5735,"date":"2025-06-25T17:16:04","date_gmt":"2025-06-25T15:16:04","guid":{"rendered":"https:\/\/www.10-q.at\/?page_id=5735"},"modified":"2025-06-25T18:04:47","modified_gmt":"2025-06-25T16:04:47","slug":"impronta","status":"publish","type":"page","link":"https:\/\/www.10-q.at\/it\/impressum\/","title":{"rendered":"impronta"},"content":{"rendered":"<section class=\"wf_text shell\">\r\n    <h1 class='wf_text_title'>Impronta:<\/h1>    <div class=\"wf_text_content\">\r\n        <p>\r\n            <p class=\"wp-block-heading\">Obbligo di fornire informazioni ai sensi del \u00a7 5 dell'E-Commerce Act, del \u00a7 14 del Codice delle Imprese, del \u00a7 63 dei Regolamenti Commerciali e del \u00a7 63 del Codice delle Imprese.<br \/>\nObbligo di divulgazione ai sensi del \u00a7 25 della Legge sui Media<\/p>\n<h2><strong>10\/kju:\/e.U.<br \/>\n<\/strong><\/h2>\n<p><strong><br \/>\n<\/strong>Wehlistrasse 157\/19<br \/>\n1020 Vienna<br \/>\noffice@10-q.at<\/p>\n<h2>Rappresentato da:<\/h2>\n<p>Proprietario: Amid AMIDOV<\/p>\n<h2>Registra l'iscrizione:<\/h2>\n<p>Iscrizione nel registro delle imprese.<br \/>\nTribunale del registro: Tribunale commerciale di Vienna<br \/>\nNumero di registro: 624908 h<\/p>\n<h2>Imposta sul valore aggiunto:<\/h2>\n<p>Numero di identificazione dell'imposta sulle vendite secondo la legge sull'imposta sulle vendite:<br \/>\nN. UID: ATU80736928<\/p>\n<h2>Ufficio distrettuale del magistrato responsabile:<\/h2>\n<p>Comune della citt\u00e0 di Vienna<br \/>\nUfficio distrettuale comunale per il 2\u00b0 e 20\u00b0 distretto<br \/>\nA-1200 Vienna, Brigittaplatz 10<br \/>\nTelefono: +43 1 4000 02000<br \/>\nFax: +43 1 4000 99 23210<br \/>\neMail:\u00a0<a href=\"mailto:post@mba20.wien.gv.at\">post@mba20.wien.gv.at<\/a><br \/>\nwww.gewerbe.wien.at<\/p>\n<h2 class=\"wp-block-heading\">Associazione camerale\/professionale:<\/h2>\n<p>Camera Economica Federale Austriaca, Divisione Trasporti e Traffico, Associazione Professionale per l'Industria del Trasporto con Autovetture<\/p>\n<h2>Principio di parit\u00e0 di trattamento nei trasporti<\/h2>\n<p>10 Q offre servizi di trasporto esclusivamente in base alla disponibilit\u00e0 di autisti, a prescindere dalla destinazione geografica di partenza o di destinazione. Non viene fatta alcuna distinzione in base all'origine etnica, al colore della pelle, alla nazionalit\u00e0, alla religione, all'orientamento sessuale, all'identit\u00e0 di genere, allo stato civile, alla disabilit\u00e0, all'et\u00e0 o ad altre caratteristiche legalmente protette come definito dalla legge federale o statale applicabile.<\/p>\n<h2>Nota sulla risoluzione delle controversie e sull'arbitrato online<\/h2>\n<p data-start=\"256\" data-end=\"657\">La Commissione europea mette a disposizione una piattaforma per la risoluzione delle controversie online (cosiddetta <strong data-start=\"344\" data-end=\"360\">Piattaforma OS<\/strong>) \u00e8 disponibile. Si tratta di un punto di contatto centrale per la risoluzione extragiudiziale delle controversie derivanti da contratti di acquisto o di servizio online. La piattaforma ODR \u00e8 accessibile tramite il seguente link: \ud83d\udc49 <a class=\"\" href=\"https:\/\/ec.europa.eu\/consumers\/odr\" target=\"_new\" rel=\"noopener\" data-start=\"585\" data-end=\"657\">https:\/\/ec.europa.eu\/consumers\/odr<\/a><\/p>\n<p data-start=\"659\" data-end=\"830\">10 Q dichiara di non essere disposta n\u00e9 obbligata a partecipare a procedure di risoluzione delle controversie davanti a un collegio arbitrale dei consumatori.<\/p>\n        <\/p>\r\n\r\n        <div><p><\/p><\/div>    <\/div>\r\n    \r\n    <figure itemscope=\"\" itemtype=\"http:\/\/schema.org\/ImageObject\">\r\n                <!-- Passed argument 'attachment_id' is NOT a number! -->        <div>\r\n            <!-- Passed argument 'attachment_id' is NOT a number! -->\r\n            <p><\/p>\r\n\r\n        <\/div>\r\n\r\n    <\/figure>\r\n<\/section>","protected":false},"excerpt":{"rendered":"","protected":false},"author":4,"featured_media":0,"parent":0,"menu_order":0,"comment_status":"closed","ping_status":"closed","template":"","meta":{"footnotes":""},"class_list":["post-5735","page","type-page","status-publish","hentry"],"_links":{"self":[{"href":"https:\/\/www.10-q.at\/it\/wp-json\/wp\/v2\/pages\/5735","targetHints":{"allow":["GET"]}}],"collection":[{"href":"https:\/\/www.10-q.at\/it\/wp-json\/wp\/v2\/pages"}],"about":[{"href":"https:\/\/www.10-q.at\/it\/wp-json\/wp\/v2\/types\/page"}],"author":[{"embeddable":true,"href":"https:\/\/www.10-q.at\/it\/wp-json\/wp\/v2\/users\/4"}],"replies":[{"embeddable":true,"href":"https:\/\/www.10-q.at\/it\/wp-json\/wp\/v2\/comments?post=5735"}],"version-history":[{"count":10,"href":"https:\/\/www.10-q.at\/it\/wp-json\/wp\/v2\/pages\/5735\/revisions"}],"predecessor-version":[{"id":5777,"href":"https:\/\/www.10-q.at\/it\/wp-json\/wp\/v2\/pages\/5735\/revisions\/5777"}],"wp:attachment":[{"href":"https:\/\/www.10-q.at\/it\/wp-json\/wp\/v2\/media?parent=5735"}],"curies":[{"name":"wp","href":"https:\/\/api.w.org\/{rel}","templated":true}]}}