{"id":418,"date":"2025-02-02T08:09:12","date_gmt":"2025-02-02T08:09:12","guid":{"rendered":"https:\/\/10-q.at\/?page_id=418"},"modified":"2025-06-04T09:00:57","modified_gmt":"2025-06-04T07:00:57","slug":"chi-siamo","status":"publish","type":"page","link":"https:\/\/www.10-q.at\/it\/ueber-uns\/","title":{"rendered":"chi siamo"},"content":{"rendered":"<section class=\"wf_intro  wf_intro--lg wf_intro--left\">\n\n\n\n    \t<figure\n\t\t\t\titemscope=\"\"\n\t\titemtype=\"http:\/\/schema.org\/ImageObject\">\n\t\t\t<picture>\n\t\t\t\t\t\t<source\n\t\t\t\t\tmedia=\"(min-width: 1024px)\"\n\t\t\t\t\tsrcset=\"https:\/\/www.10-q.at\/wp-content\/uploads\/2025\/05\/chauffeur-alle-hofburg-scaled-1920x9999-1.jpg\"\n\t\t\t\t\twidth=\"1920\"\n\t\t\t\t\theight=\"1280\">\n\t\t\t\t\t\t\t\t<source\n\t\t\t\t\tmedia=\"(min-width: 600px)\"\n\t\t\t\t\tsrcset=\"https:\/\/www.10-q.at\/wp-content\/uploads\/2025\/05\/chauffeur-alle-hofburg-scaled-1024x9999-1.jpg\"\n\t\t\t\t\twidth=\"1024\"\n\t\t\t\t\theight=\"683\">\n\t\t\t\t\t\t\t\t<source\n\t\t\t\t\tmedia=\"(min-width: 1px)\"\n\t\t\t\t\tsrcset=\"https:\/\/www.10-q.at\/wp-content\/uploads\/2025\/05\/chauffeur-alle-hofburg-scaled-600x9999-1.jpg\"\n\t\t\t\t\twidth=\"600\"\n\t\t\t\t\theight=\"400\">\n\t\t\t\t\t    <img\n\t    \t\t    \tsrc=\"https:\/\/www.10-q.at\/wp-content\/uploads\/2025\/05\/chauffeur-alle-hofburg-scaled-1920x9999.jpg\"\n\t    \twidth=\"1920\"\n\t    \theight=\"1707\"\n\t    \talt=\"servizio_autista_circa_noi\">\n\t<\/picture>\n\t<noscript>\n\t    <img\n\t    \tsrc=\"https:\/\/www.10-q.at\/wp-content\/uploads\/2025\/05\/chauffeur-alle-hofburg-scaled-1920x9999.jpg\"\n\t    \talt=\"servizio_autista_circa_noi\">\n\t<\/noscript>\n\t\t<\/figure>\n\t\n    <div class=\"wf_intro_content\">\n        <h2 class='t1'>Il tuo servizio di autista professionale a Vienna<\/h2><p class='wf_intro_subtitle'><p>Siamo un fornitore di servizi di trasferimento locale a Vienna. Offriamo trasferimenti aeroportuali, trasferimenti in hotel e trasferimenti a lunga distanza.<\/p>\n<\/p>\n        \n    <\/div>\n\n    <a href=\"#\" class=\"wf_scroll\">\n                <svg xmlns=\"http:\/\/www.w3.org\/2000\/svg\" class=\"i i-arrow-right\">\n            <use xlink:href=\"https:\/\/www.10-q.at\/wp-content\/themes\/webfactor\/assets\/newicons\/sprite-main.svg#arrow-right\"><\/use>\n        <\/svg>\n            <\/a>\n<\/section>\n\n<section class=\"wf_brands nojs shell--lg wf_brands--dark\">\n\n    \n    <div class=\"keen-slider\">\n                    <a href=\"#\" class=\"keen-slider__slide\">\n                \t<img\n\t\t\t\tsrc=\"https:\/\/www.10-q.at\/wp-content\/uploads\/2025\/02\/brand1-191x81.png\"\n\t\twidth=\"192\"\n\t\theight=\"81\"\n\t\talt=\"Fuoco 1\">\n\t<noscript>\n\t    <img decoding=\"async\" src=\"https:\/\/www.10-q.at\/wp-content\/uploads\/2025\/02\/brand1-191x81.png\" alt=\"Fuoco 1\">\n\t<\/noscript>\n\t            <\/a>\n                        <a href=\"#\" class=\"keen-slider__slide\">\n                \t<img\n\t\t\t\tsrc=\"https:\/\/www.10-q.at\/wp-content\/uploads\/2025\/02\/brand2-191x81.png\"\n\t\twidth=\"191\"\n\t\theight=\"81\"\n\t\talt=\"Fuoco 2\">\n\t<noscript>\n\t    <img decoding=\"async\" src=\"https:\/\/www.10-q.at\/wp-content\/uploads\/2025\/02\/brand2-191x81.png\" alt=\"Fuoco 2\">\n\t<\/noscript>\n\t            <\/a>\n                        <a href=\"#\" class=\"keen-slider__slide\">\n                \t<img\n\t\t\t\tsrc=\"https:\/\/www.10-q.at\/wp-content\/uploads\/2025\/02\/brand3-191x81.png\"\n\t\twidth=\"191\"\n\t\theight=\"81\"\n\t\talt=\"Fuoco 3\">\n\t<noscript>\n\t    <img decoding=\"async\" src=\"https:\/\/www.10-q.at\/wp-content\/uploads\/2025\/02\/brand3-191x81.png\" alt=\"Fuoco 3\">\n\t<\/noscript>\n\t            <\/a>\n                        <a href=\"#\" class=\"keen-slider__slide\">\n                \t<img\n\t\t\t\tsrc=\"https:\/\/www.10-q.at\/wp-content\/uploads\/2025\/02\/brand1-191x81.png\"\n\t\twidth=\"192\"\n\t\theight=\"81\"\n\t\talt=\"Fuoco 4\">\n\t<noscript>\n\t    <img decoding=\"async\" src=\"https:\/\/www.10-q.at\/wp-content\/uploads\/2025\/02\/brand1-191x81.png\" alt=\"Fuoco 4\">\n\t<\/noscript>\n\t            <\/a>\n                        <a href=\"#\" class=\"keen-slider__slide\">\n                \t<img\n\t\t\t\tsrc=\"https:\/\/www.10-q.at\/wp-content\/uploads\/2025\/02\/brand2-191x81.png\"\n\t\twidth=\"191\"\n\t\theight=\"81\"\n\t\talt=\"Fuoco 5\">\n\t<noscript>\n\t    <img decoding=\"async\" src=\"https:\/\/www.10-q.at\/wp-content\/uploads\/2025\/02\/brand2-191x81.png\" alt=\"Fuoco 5\">\n\t<\/noscript>\n\t            <\/a>\n                        <a href=\"#\" class=\"keen-slider__slide\">\n                \t<img\n\t\t\t\tsrc=\"https:\/\/www.10-q.at\/wp-content\/uploads\/2025\/02\/brand3-191x81.png\"\n\t\twidth=\"191\"\n\t\theight=\"81\"\n\t\talt=\"Fuoco 6\">\n\t<noscript>\n\t    <img decoding=\"async\" src=\"https:\/\/www.10-q.at\/wp-content\/uploads\/2025\/02\/brand3-191x81.png\" alt=\"Fuoco 6\">\n\t<\/noscript>\n\t            <\/a>\n                        <a href=\"#\" class=\"keen-slider__slide\">\n                \t<img\n\t\t\t\tsrc=\"https:\/\/www.10-q.at\/wp-content\/uploads\/2025\/02\/brand4-191x81.png\"\n\t\twidth=\"191\"\n\t\theight=\"81\"\n\t\talt=\"Fuoco 7\">\n\t<noscript>\n\t    <img decoding=\"async\" src=\"https:\/\/www.10-q.at\/wp-content\/uploads\/2025\/02\/brand4-191x81.png\" alt=\"Fuoco 7\">\n\t<\/noscript>\n\t            <\/a>\n                        <a href=\"#\" class=\"keen-slider__slide\">\n                \t<img\n\t\t\t\tsrc=\"https:\/\/www.10-q.at\/wp-content\/uploads\/2025\/02\/brand5-191x81.png\"\n\t\twidth=\"191\"\n\t\theight=\"81\"\n\t\talt=\"Fuoco 8\">\n\t<noscript>\n\t    <img decoding=\"async\" src=\"https:\/\/www.10-q.at\/wp-content\/uploads\/2025\/02\/brand5-191x81.png\" alt=\"Fuoco 8\">\n\t<\/noscript>\n\t            <\/a>\n                        <a href=\"#\" class=\"keen-slider__slide\">\n                \t<img\n\t\t\t\tsrc=\"https:\/\/www.10-q.at\/wp-content\/uploads\/2025\/02\/brand6-191x81.png\"\n\t\twidth=\"191\"\n\t\theight=\"81\"\n\t\talt=\"Fuoco 9\">\n\t<noscript>\n\t    <img decoding=\"async\" src=\"https:\/\/www.10-q.at\/wp-content\/uploads\/2025\/02\/brand6-191x81.png\" alt=\"Fuoco 9\">\n\t<\/noscript>\n\t            <\/a>\n                        <a href=\"#\" class=\"keen-slider__slide\">\n                \t<img\n\t\t\t\tsrc=\"https:\/\/www.10-q.at\/wp-content\/uploads\/2025\/02\/brand7-191x81.png\"\n\t\twidth=\"191\"\n\t\theight=\"81\"\n\t\talt=\"Fuoco 10\">\n\t<noscript>\n\t    <img decoding=\"async\" src=\"https:\/\/www.10-q.at\/wp-content\/uploads\/2025\/02\/brand7-191x81.png\" alt=\"Fuoco 10\">\n\t<\/noscript>\n\t            <\/a>\n                <\/div>\n\n<\/section>\n\n\n<section class=\"wf_stats\">\n    \t<figure\n\t\t\t\titemscope=\"\"\n\t\titemtype=\"http:\/\/schema.org\/ImageObject\">\n\t\t\t<picture>\n\t\t\t\t\t\t<source\n\t\t\t\t\tmedia=\"(min-width: 1024px)\"\n\t\t\t\t\tsrcset=\"https:\/\/www.10-q.at\/wp-content\/uploads\/2025\/02\/stats-1920x300.png\"\n\t\t\t\t\twidth=\"450\"\n\t\t\t\t\theight=\"300\">\n\t\t\t\t\t\t\t\t<source\n\t\t\t\t\tmedia=\"(min-width: 1px)\"\n\t\t\t\t\tsrcset=\"https:\/\/www.10-q.at\/wp-content\/uploads\/2025\/02\/stats-1024x9999.png\"\n\t\t\t\t\twidth=\"1024\"\n\t\t\t\t\theight=\"682\">\n\t\t\t\t\t    <img\n\t    \t\t    \tsrc=\"https:\/\/www.10-q.at\/wp-content\/uploads\/2025\/02\/stats-1920x9999.png\"\n\t    \twidth=\"1920\"\n\t    \theight=\"1333\"\n\t    \talt=\"Statistiche \">\n\t<\/picture>\n\t<noscript>\n\t    <img\n\t    \tsrc=\"https:\/\/www.10-q.at\/wp-content\/uploads\/2025\/02\/stats-1920x9999.png\"\n\t    \talt=\"Statistiche \">\n\t<\/noscript>\n\t\t<\/figure>\n\t    <div>\n                <svg xmlns=\"http:\/\/www.w3.org\/2000\/svg\" class=\"i i-star\">\n            <use xlink:href=\"https:\/\/www.10-q.at\/wp-content\/themes\/webfactor\/assets\/newicons\/sprite-main.svg#star\"><\/use>\n        <\/svg>\n                <h2>Recensioni a 5 stelle<\/h2>\n        <p class=\"stat-number\" data-max=\"154234\">0<\/p>\n    <\/div>\n    <div>\n                <svg xmlns=\"http:\/\/www.w3.org\/2000\/svg\" class=\"i i-accident\">\n            <use xlink:href=\"https:\/\/www.10-q.at\/wp-content\/themes\/webfactor\/assets\/newicons\/sprite-main.svg#accident\"><\/use>\n        <\/svg>\n                <h2>Incidenti<\/h2>\n        <p class=\"stat-number\" data-max=\"0\">0<\/p>\n    <\/div>\n    <div>\n                <svg xmlns=\"http:\/\/www.w3.org\/2000\/svg\" class=\"i i-racing\">\n            <use xlink:href=\"https:\/\/www.10-q.at\/wp-content\/themes\/webfactor\/assets\/newicons\/sprite-main.svg#racing\"><\/use>\n        <\/svg>\n                <h2>Giri<\/h2>\n        <p class=\"stat-number\" data-max=\"\">0<\/p>\n    <\/div>\n    <div>\n                <svg xmlns=\"http:\/\/www.w3.org\/2000\/svg\" class=\"i i-accident\">\n            <use xlink:href=\"https:\/\/www.10-q.at\/wp-content\/themes\/webfactor\/assets\/newicons\/sprite-main.svg#accident\"><\/use>\n        <\/svg>\n                <h2>Ore di guida<\/h2>\n        <p class=\"stat-number\" data-max=\"945\">0<\/p>\n    <\/div>\n<\/section>\n\n<section class=\"wf_history\">\r\n    <div class=\"shell--ty\">\r\n        <h2 class='t2'>La nostra storia<\/h2><p class='p1'><p>Lorem ipsum dolor sit amet, consectetur adipiscing elit. Morbi non tempus felis, eget ornare nisl. Aenean gravida urna ac eros ullamcorper aliquet. Nam et lacinia massa, scelerisque hendrerit velit. Lorem ipsum dolor sit amet, consectetur adipiscing elit.<\/p>\n<\/p>        <div class=\"wf_history_timeline\">\r\n                            <div>\r\n                    <p class=\"l\">2010<\/p>\r\n                    <bdi><\/bdi>\r\n                    <p class=\"r\">\r\n                        <strong>Abbiamo lanciato il 10-Q<\/strong>\r\n                        <span>Viaggia in tutta comodit\u00e0 a bordo di un veicolo di alta qualit\u00e0, e stai certo che ogni viaggio \u00e8 a emissioni zero.<\/span>\r\n                    <\/p>\r\n                <\/div>\r\n                                <div>\r\n                    <p class=\"l\">2014<\/p>\r\n                    <bdi><\/bdi>\r\n                    <p class=\"r\">\r\n                        <strong>Abbiamo iniziato a lavorare con i partner<\/strong>\r\n                        <span>Viaggia in tutta comodit\u00e0 a bordo di un veicolo di alta qualit\u00e0, e stai certo che ogni viaggio \u00e8 a emissioni zero.<\/span>\r\n                    <\/p>\r\n                <\/div>\r\n                                <div>\r\n                    <p class=\"l\">2020<\/p>\r\n                    <bdi><\/bdi>\r\n                    <p class=\"r\">\r\n                        <strong>Goditi la pace dei sensi<\/strong>\r\n                        <span>Viaggia in tutta comodit\u00e0 a bordo di un veicolo di alta qualit\u00e0, e stai certo che ogni viaggio \u00e8 a emissioni zero.<\/span>\r\n                    <\/p>\r\n                <\/div>\r\n                                <div>\r\n                    <p class=\"l\">Oggi<\/p>\r\n                    <bdi><\/bdi>\r\n                    <p class=\"r\">\r\n                        <strong>Goditi la pace dei sensi<\/strong>\r\n                        <span>Viaggia in tutta comodit\u00e0 a bordo di un veicolo di alta qualit\u00e0, e stai certo che ogni viaggio \u00e8 a emissioni zero.<\/span>\r\n                    <\/p>\r\n                <\/div>\r\n                        <\/div>\r\n    <\/div>\r\n<\/section>\n\n<section class=\"wf_banner\">\n\t\n    \t<figure\n\t\t\t\titemscope=\"\"\n\t\titemtype=\"http:\/\/schema.org\/ImageObject\">\n\t\t\t<picture>\n\t\t\t\t\t\t<source\n\t\t\t\t\tmedia=\"(min-width: 1024px)\"\n\t\t\t\t\tsrcset=\"https:\/\/www.10-q.at\/wp-content\/uploads\/2025\/02\/banner1-1920x664-1.png\"\n\t\t\t\t\twidth=\"1920\"\n\t\t\t\t\theight=\"542\">\n\t\t\t\t\t\t\t\t<source\n\t\t\t\t\tmedia=\"(min-width: 600)\"\n\t\t\t\t\tsrcset=\"https:\/\/www.10-q.at\/wp-content\/uploads\/2025\/02\/banner1-1024x664.png\"\n\t\t\t\t\twidth=\"1024\"\n\t\t\t\t\theight=\"289\">\n\t\t\t\t\t\t\t\t<source\n\t\t\t\t\tmedia=\"(min-width: 1px)\"\n\t\t\t\t\tsrcset=\"https:\/\/www.10-q.at\/wp-content\/uploads\/2025\/02\/banner1-1920x664-1.png\"\n\t\t\t\t\twidth=\"1920\"\n\t\t\t\t\theight=\"542\">\n\t\t\t\t\t    <img\n\t    \t\t    \tsrc=\"https:\/\/www.10-q.at\/wp-content\/uploads\/2025\/02\/banner1-1920x664.png\"\n\t    \twidth=\"1920\"\n\t    \theight=\"542\"\n\t    \talt=\"\">\n\t<\/picture>\n\t<noscript>\n\t    <img\n\t    \tsrc=\"https:\/\/www.10-q.at\/wp-content\/uploads\/2025\/02\/banner1-1920x664.png\"\n\t    \talt=\"\">\n\t<\/noscript>\n\t\t<\/figure>\n\t\n    <div>\n        <h2 class='t2'><p>La nostra missione<\/p>\n<\/h2>        <p class=\"p1\">Lorem ipsum dolor sit amet, consectetur adipiscing elit. Morbi non tempus felis, eget ornare nisl. Aenean gravida urna ac eros ullamcorper aliquet. Nam et lacinia massa, scelerisque hendrerit velit. Lorem ipsum dolor sit amet, consectetur adipiscing elit.<\/p>\n    <\/div>\n<\/section>\n\n<section class=\"wf_banner wf_banner--reverse\">\n\t\n    \t<figure\n\t\t\t\titemscope=\"\"\n\t\titemtype=\"http:\/\/schema.org\/ImageObject\">\n\t\t\t<picture>\n\t\t\t\t\t\t<source\n\t\t\t\t\tmedia=\"(min-width: 1024px)\"\n\t\t\t\t\tsrcset=\"https:\/\/www.10-q.at\/wp-content\/uploads\/2025\/02\/banner2-1920x664-1.png\"\n\t\t\t\t\twidth=\"1920\"\n\t\t\t\t\theight=\"542\">\n\t\t\t\t\t\t\t\t<source\n\t\t\t\t\tmedia=\"(min-width: 600)\"\n\t\t\t\t\tsrcset=\"https:\/\/www.10-q.at\/wp-content\/uploads\/2025\/02\/banner2-1024x664.png\"\n\t\t\t\t\twidth=\"1024\"\n\t\t\t\t\theight=\"289\">\n\t\t\t\t\t\t\t\t<source\n\t\t\t\t\tmedia=\"(min-width: 1px)\"\n\t\t\t\t\tsrcset=\"https:\/\/www.10-q.at\/wp-content\/uploads\/2025\/02\/banner2-1920x664-1.png\"\n\t\t\t\t\twidth=\"1920\"\n\t\t\t\t\theight=\"542\">\n\t\t\t\t\t    <img\n\t    \t\t    \tsrc=\"https:\/\/www.10-q.at\/wp-content\/uploads\/2025\/02\/banner2-1920x664.png\"\n\t    \twidth=\"1920\"\n\t    \theight=\"542\"\n\t    \talt=\"I nostri autisti\">\n\t<\/picture>\n\t<noscript>\n\t    <img\n\t    \tsrc=\"https:\/\/www.10-q.at\/wp-content\/uploads\/2025\/02\/banner2-1920x664.png\"\n\t    \talt=\"I nostri autisti\">\n\t<\/noscript>\n\t\t<\/figure>\n\t\n    <div>\n        <h2 class='t2'><p>I nostri autisti<\/p>\n<\/h2>        <p class=\"p1\">Lorem ipsum dolor sit amet, consectetur adipiscing elit. Morbi non tempus felis, eget ornare nisl. Aenean gravida urna ac eros ullamcorper aliquet. Nam et lacinia massa, scelerisque hendrerit velit. Lorem ipsum dolor sit amet, consectetur adipiscing elit.<\/p>\n    <\/div>\n<\/section>\n\n<section class=\"wf_banner\">\n\t\n    \t<figure\n\t\t\t\titemscope=\"\"\n\t\titemtype=\"http:\/\/schema.org\/ImageObject\">\n\t\t\t<picture>\n\t\t\t\t\t\t<source\n\t\t\t\t\tmedia=\"(min-width: 1024px)\"\n\t\t\t\t\tsrcset=\"https:\/\/www.10-q.at\/wp-content\/uploads\/2025\/02\/banner3-1920x664-1.png\"\n\t\t\t\t\twidth=\"1920\"\n\t\t\t\t\theight=\"542\">\n\t\t\t\t\t\t\t\t<source\n\t\t\t\t\tmedia=\"(min-width: 600)\"\n\t\t\t\t\tsrcset=\"https:\/\/www.10-q.at\/wp-content\/uploads\/2025\/02\/banner3-1024x664.png\"\n\t\t\t\t\twidth=\"1024\"\n\t\t\t\t\theight=\"289\">\n\t\t\t\t\t\t\t\t<source\n\t\t\t\t\tmedia=\"(min-width: 1px)\"\n\t\t\t\t\tsrcset=\"https:\/\/www.10-q.at\/wp-content\/uploads\/2025\/02\/banner3-1920x664-1.png\"\n\t\t\t\t\twidth=\"1920\"\n\t\t\t\t\theight=\"542\">\n\t\t\t\t\t    <img\n\t    \t\t    \tsrc=\"https:\/\/www.10-q.at\/wp-content\/uploads\/2025\/02\/banner3-1920x664.png\"\n\t    \twidth=\"1920\"\n\t    \theight=\"542\"\n\t    \talt=\"I nostri valori\">\n\t<\/picture>\n\t<noscript>\n\t    <img\n\t    \tsrc=\"https:\/\/www.10-q.at\/wp-content\/uploads\/2025\/02\/banner3-1920x664.png\"\n\t    \talt=\"I nostri valori\">\n\t<\/noscript>\n\t\t<\/figure>\n\t\n    <div>\n        <h2 class='t2'><p>I nostri valori<\/p>\n<\/h2>        <p class=\"p1\">Lorem ipsum dolor sit amet, consectetur adipiscing elit. Morbi non tempus felis, eget ornare nisl. Aenean gravida urna ac eros ullamcorper aliquet. Nam et lacinia massa, scelerisque hendrerit velit. Lorem ipsum dolor sit amet, consectetur adipiscing elit.<\/p>\n    <\/div>\n<\/section>\n\n<section class=\"wf_choose_us\">\r\n    <h2 class='wf_choose_us_t'>Scegli 10-Q Chauffeur Service Vienna e scopri la differenza che pu\u00f2 fare un team dedicato e professionale. Lascia che ci occupiamo noi della guida, mentre tu ti rilassi e ti godi il viaggio.<\/h2><\/section>","protected":false},"excerpt":{"rendered":"","protected":false},"author":4,"featured_media":0,"parent":0,"menu_order":0,"comment_status":"closed","ping_status":"closed","template":"","meta":{"footnotes":""},"class_list":["post-418","page","type-page","status-publish","hentry"],"_links":{"self":[{"href":"https:\/\/www.10-q.at\/it\/wp-json\/wp\/v2\/pages\/418","targetHints":{"allow":["GET"]}}],"collection":[{"href":"https:\/\/www.10-q.at\/it\/wp-json\/wp\/v2\/pages"}],"about":[{"href":"https:\/\/www.10-q.at\/it\/wp-json\/wp\/v2\/types\/page"}],"author":[{"embeddable":true,"href":"https:\/\/www.10-q.at\/it\/wp-json\/wp\/v2\/users\/4"}],"replies":[{"embeddable":true,"href":"https:\/\/www.10-q.at\/it\/wp-json\/wp\/v2\/comments?post=418"}],"version-history":[{"count":10,"href":"https:\/\/www.10-q.at\/it\/wp-json\/wp\/v2\/pages\/418\/revisions"}],"predecessor-version":[{"id":4568,"href":"https:\/\/www.10-q.at\/it\/wp-json\/wp\/v2\/pages\/418\/revisions\/4568"}],"wp:attachment":[{"href":"https:\/\/www.10-q.at\/it\/wp-json\/wp\/v2\/media?parent=418"}],"curies":[{"name":"wp","href":"https:\/\/api.w.org\/{rel}","templated":true}]}}