{"id":5735,"date":"2025-06-25T17:16:04","date_gmt":"2025-06-25T15:16:04","guid":{"rendered":"https:\/\/www.10-q.at\/?page_id=5735"},"modified":"2025-06-25T18:04:47","modified_gmt":"2025-06-25T16:04:47","slug":"mentions-legales","status":"publish","type":"page","link":"https:\/\/www.10-q.at\/fr\/impressum\/","title":{"rendered":"mentions l\u00e9gales"},"content":{"rendered":"<section class=\"wf_text shell\">\r\n    <h1 class='wf_text_title'>Mentions l\u00e9gales :<\/h1>    <div class=\"wf_text_content\">\r\n        <p>\r\n            <p class=\"wp-block-heading\">Obligation d'information conform\u00e9ment au \u00a7 5 de la loi sur le commerce \u00e9lectronique, au \u00a7 14 du code des entreprises, au \u00a7 63 de l'ordonnance sur le commerce et l'industrie &amp;.<br \/>\nObligation de divulgation selon le \u00a7 25 de la loi sur les m\u00e9dias<\/p>\n<h2><strong>10\/kju:\/e.U.<br \/>\n<\/strong><\/h2>\n<p><strong><br \/>\n<\/strong>157\/19, rue Wehlis<br \/>\n1020 Vienne<br \/>\noffice@10-q.at<\/p>\n<h2>Repr\u00e9sent\u00e9 par :<\/h2>\n<p>Propri\u00e9taire : Amid AMIDOV<\/p>\n<h2>Inscription au registre :<\/h2>\n<p>Inscription au registre du commerce.<br \/>\nTribunal d'enregistrement : Tribunal de commerce de Vienne<br \/>\nNum\u00e9ro d'enregistrement : 624908 h<\/p>\n<h2>Taxe sur le chiffre d'affaires :<\/h2>\n<p>Num\u00e9ro d'identification de la taxe sur le chiffre d'affaires conform\u00e9ment \u00e0 la loi sur la taxe sur le chiffre d'affaires :<br \/>\nNum\u00e9ro d'identification fiscale : ATU80736928<\/p>\n<h2>Bureau de district magistral comp\u00e9tent :<\/h2>\n<p>Magistrat de la ville de Vienne<br \/>\nBureau de l'arrondissement magistral pour les 2e &amp; 20e arrondissements<br \/>\nA-1200 Vienne, Brigittaplatz 10<br \/>\nT\u00e9l. : +43 1 4000 02000<br \/>\nT\u00e9l\u00e9copieur : +43 1 4000 99 23210<br \/>\neMail :\u00a0<a href=\"mailto:post@mba20.wien.gv.at\">post@mba20.wien.gv.at<\/a><br \/>\nwww.gewerbe.wien.at<\/p>\n<h2 class=\"wp-block-heading\">Chambre\/association professionnelle :<\/h2>\n<p>Chambre de commerce autrichienne, section transport et circulation, association professionnelle pour les entreprises de transport avec voitures de tourisme<\/p>\n<h2>Principe d'\u00e9galit\u00e9 de traitement dans le transport<\/h2>\n<p>10 Q offre des services de transport uniquement en fonction de la disponibilit\u00e9 des chauffeurs, ind\u00e9pendamment du point de d\u00e9part ou de destination g\u00e9ographique. Aucune distinction n'est faite sur la base de l'origine ethnique, de la couleur de peau, de la nationalit\u00e9, de la religion, de l'orientation sexuelle, de l'identit\u00e9 sexuelle, de l'\u00e9tat civil, du handicap, de l'\u00e2ge ou d'autres caract\u00e9ristiques prot\u00e9g\u00e9es par la loi, telles que d\u00e9finies par la l\u00e9gislation f\u00e9d\u00e9rale ou \u00e9tatique en vigueur.<\/p>\n<h2>Note sur le r\u00e8glement des litiges en ligne et l'arbitrage<\/h2>\n<p data-start=\"256\" data-end=\"657\">La Commission europ\u00e9enne met \u00e0 disposition une plateforme de r\u00e8glement des litiges en ligne (appel\u00e9e <strong data-start=\"344\" data-end=\"360\">Plateforme OSP<\/strong>) est disponible. Elle sert de point de contact unique pour la r\u00e9solution extrajudiciaire des litiges r\u00e9sultant de contrats d'achat ou de services en ligne. La plateforme OS est accessible via le lien suivant : \ud83d\udc49 <a class=\"\" href=\"https:\/\/ec.europa.eu\/consumers\/odr\" target=\"_new\" rel=\"noopener\" data-start=\"585\" data-end=\"657\">https:\/\/ec.europa.eu\/consumers\/odr<\/a><\/p>\n<p data-start=\"659\" data-end=\"830\">10 Q ne se d\u00e9clare pas pr\u00eat et n'est pas oblig\u00e9 de participer \u00e0 une proc\u00e9dure de r\u00e8glement des litiges devant un organisme de conciliation des consommateurs.<\/p>\n        <\/p>\r\n\r\n        <div><p><\/p><\/div>    <\/div>\r\n    \r\n    <figure itemscope=\"\" itemtype=\"http:\/\/schema.org\/ImageObject\">\r\n                <!-- Passed argument 'attachment_id' is NOT a number! -->        <div>\r\n            <!-- Passed argument 'attachment_id' is NOT a number! -->\r\n            <p><\/p>\r\n\r\n        <\/div>\r\n\r\n    <\/figure>\r\n<\/section>","protected":false},"excerpt":{"rendered":"","protected":false},"author":4,"featured_media":0,"parent":0,"menu_order":0,"comment_status":"closed","ping_status":"closed","template":"","meta":{"footnotes":""},"class_list":["post-5735","page","type-page","status-publish","hentry"],"_links":{"self":[{"href":"https:\/\/www.10-q.at\/fr\/wp-json\/wp\/v2\/pages\/5735","targetHints":{"allow":["GET"]}}],"collection":[{"href":"https:\/\/www.10-q.at\/fr\/wp-json\/wp\/v2\/pages"}],"about":[{"href":"https:\/\/www.10-q.at\/fr\/wp-json\/wp\/v2\/types\/page"}],"author":[{"embeddable":true,"href":"https:\/\/www.10-q.at\/fr\/wp-json\/wp\/v2\/users\/4"}],"replies":[{"embeddable":true,"href":"https:\/\/www.10-q.at\/fr\/wp-json\/wp\/v2\/comments?post=5735"}],"version-history":[{"count":10,"href":"https:\/\/www.10-q.at\/fr\/wp-json\/wp\/v2\/pages\/5735\/revisions"}],"predecessor-version":[{"id":5777,"href":"https:\/\/www.10-q.at\/fr\/wp-json\/wp\/v2\/pages\/5735\/revisions\/5777"}],"wp:attachment":[{"href":"https:\/\/www.10-q.at\/fr\/wp-json\/wp\/v2\/media?parent=5735"}],"curies":[{"name":"wp","href":"https:\/\/api.w.org\/{rel}","templated":true}]}}