{"id":472,"date":"2025-02-02T10:00:30","date_gmt":"2025-02-02T10:00:30","guid":{"rendered":"https:\/\/10-q.at\/?page_id=472"},"modified":"2025-11-03T21:38:08","modified_gmt":"2025-11-03T20:38:08","slug":"contact","status":"publish","type":"page","link":"https:\/\/www.10-q.at\/fr\/kontakt\/","title":{"rendered":"contact"},"content":{"rendered":"<section class=\"wf_intro  wf_intro--left\">\n\n\n\n    \t<figure\n\t\t\t\titemscope=\"\"\n\t\titemtype=\"http:\/\/schema.org\/ImageObject\">\n\t\t\t<picture>\n\t\t\t\t\t\t<source\n\t\t\t\t\tmedia=\"(min-width: 1024px)\"\n\t\t\t\t\tsrcset=\"https:\/\/www.10-q.at\/wp-content\/uploads\/2025\/05\/d92a2976-1-modified-1920x9999-1.png\"\n\t\t\t\t\twidth=\"1920\"\n\t\t\t\t\theight=\"1280\">\n\t\t\t\t\t\t\t\t<source\n\t\t\t\t\tmedia=\"(min-width: 600px)\"\n\t\t\t\t\tsrcset=\"https:\/\/www.10-q.at\/wp-content\/uploads\/2025\/06\/d92a2976-1-modified-1024x9999-2.png\"\n\t\t\t\t\twidth=\"1024\"\n\t\t\t\t\theight=\"683\">\n\t\t\t\t\t\t\t\t<source\n\t\t\t\t\tmedia=\"(min-width: 1px)\"\n\t\t\t\t\tsrcset=\"https:\/\/www.10-q.at\/wp-content\/uploads\/2025\/06\/d92a2976-1-modified-600x9999-2.png\"\n\t\t\t\t\twidth=\"600\"\n\t\t\t\t\theight=\"400\">\n\t\t\t\t\t    <img\n\t    \t\t    \tsrc=\"https:\/\/www.10-q.at\/wp-content\/uploads\/2025\/05\/d92a2976-1-modified-1920x9999.png\"\n\t    \twidth=\"1920\"\n\t    \theight=\"1280\"\n\t    \talt=\"10_q_chauffeurservice_kontakt\">\n\t<\/picture>\n\t<noscript>\n\t    <img\n\t    \tsrc=\"https:\/\/www.10-q.at\/wp-content\/uploads\/2025\/05\/d92a2976-1-modified-1920x9999.png\"\n\t    \talt=\"10_q_chauffeurservice_kontakt\">\n\t<\/noscript>\n\t\t<\/figure>\n\t\n    <div class=\"wf_intro_content\">\n        <h1 class='t1'>Jetzt Kontakt aufnehmen<\/h1><p class='wf_intro_subtitle'><p>Liebe Reisende,<\/p>\n<p>planst du einen individuellen Transfer? Mehrere Stopps, verschiedene St\u00e4dte oder gro\u00dfe Gruppen?<\/p>\n<p>Gemeinsam erstellen wir deinen individuellen Transport.<\/p>\n<p>Kontaktiere uns, um deine Reise bequem und stressfrei zu gestalten.<\/p>\n<\/p>\n        \n    <\/div>\n\n    <a href=\"#\" class=\"wf_scroll\">\n                <svg xmlns=\"http:\/\/www.w3.org\/2000\/svg\" class=\"i i-arrow-right \">\n            <use xlink:href=\"https:\/\/www.10-q.at\/wp-content\/themes\/webfactor\/assets\/newicons\/sprite-main.svg#arrow-right\"><\/use>\n        <\/svg>\n            <\/a>\n<\/section>\n\n<section class=\"wf_contact_form\">\n    <h2 class='t2'>Wir freuen uns \u00fcber deine Anfrage<\/h2>\n                <div class='gf_browser_gecko gform_wrapper' id='gform_wrapper_3' ><div id='gf_3' class='gform_anchor' tabindex='-1'><\/div><form method='post' enctype='multipart\/form-data' target='gform_ajax_frame_3' id='gform_3'  action='\/fr\/wp-json\/wp\/v2\/pages\/472#gf_3'>\n                        <div class='gform_body'><ul id='gform_fields_3' class='gform_fields top_label form_sublabel_below description_below'><li id='field_3_8'  class='gfield field_sublabel_below field_description_below gfield_visibility_visible' ><label class='gfield_label gfield_label_before_complex'  >Names<\/label><div class='ginput_complex ginput_container no_prefix has_first_name no_middle_name has_last_name no_suffix gf_name_has_2 ginput_container_name' id='input_3_8'>\n                            \n                            <span id='input_3_8_3_container' class='name_first' >\n                                                    <input type='text' name='input_8.3' id='input_3_8_3' value='' aria-label='Pr\u00e9nom'    aria-invalid=\"false\" \/>\n                                                    <label for='input_3_8_3' >Vorname:<\/label>\n                                                <\/span>\n                            \n                            <span id='input_3_8_6_container' class='name_last' >\n                                                    <input type='text' name='input_8.6' id='input_3_8_6' value='' aria-label='Nom'    aria-invalid=\"false\" \/>\n                                                    <label for='input_3_8_6' >Nachname:<\/label>\n                                                <\/span>\n                            \n                        <\/div><\/li><li id='field_3_3'  class='gfield gfield_contains_required field_sublabel_below field_description_below gfield_visibility_visible' ><label class='gfield_label' for='input_3_3' >Telefonnummer:<span class='gfield_required'>*<\/span><\/label><div class='ginput_container ginput_container_phone'><input name='input_3' id='input_3_3' type='text' value='' class='medium'   aria-required=\"true\" aria-invalid=\"false\"  \/><\/div><\/li><li id='field_3_4'  class='gfield gfield_contains_required field_sublabel_below field_description_below gfield_visibility_visible' ><label class='gfield_label' for='input_3_4' >E-Mail:<span class='gfield_required'>*<\/span><\/label><div class='ginput_container ginput_container_email'>\n                            <input name='input_4' id='input_3_4' type='text' value='' class='medium'    aria-required=\"true\" aria-invalid=\"false\" \/>\n                        <\/div><\/li><li id='field_3_5'  class='gfield gfield_contains_required field_sublabel_below field_description_below gfield_visibility_visible' ><label class='gfield_label' for='input_3_5' >Deine Nachricht:<span class='gfield_required'>*<\/span><\/label><div class='ginput_container ginput_container_text'><input name='input_5' id='input_3_5' type='text' value='' class='medium'     aria-required=\"true\" aria-invalid=\"false\" \/><\/div><\/li><li id='field_3_9'  class='gfield gform_hidden field_sublabel_below field_description_below gfield_visibility_visible trk_gclid' ><input name='input_9' id='input_3_9' type='hidden' class='gform_hidden'  aria-invalid=\"false\" value='{get:gclid}' \/><\/li><li id='field_3_10'  class='gfield gform_hidden field_sublabel_below field_description_below gfield_visibility_visible trk_gbraid' ><input name='input_10' id='input_3_10' type='hidden' class='gform_hidden'  aria-invalid=\"false\" value='{get:gbraid}' \/><\/li><li id='field_3_11'  class='gfield gform_hidden field_sublabel_below field_description_below gfield_visibility_visible trk_wbraid' ><input name='input_11' id='input_3_11' type='hidden' class='gform_hidden'  aria-invalid=\"false\" value='{get:wbraid}' \/><\/li><li id='field_3_12'  class='gfield gform_hidden field_sublabel_below field_description_below gfield_visibility_visible trk_utm_source' ><input name='input_12' id='input_3_12' type='hidden' class='gform_hidden'  aria-invalid=\"false\" value='{get:utm_source}' \/><\/li><li id='field_3_13'  class='gfield gform_hidden field_sublabel_below field_description_below gfield_visibility_visible trk_utm_medium' ><input name='input_13' id='input_3_13' type='hidden' class='gform_hidden'  aria-invalid=\"false\" value='{get:utm_medium}' \/><\/li><li id='field_3_14'  class='gfield gform_hidden field_sublabel_below field_description_below gfield_visibility_visible trk_utm_campaign' ><input name='input_14' id='input_3_14' type='hidden' class='gform_hidden'  aria-invalid=\"false\" value='{get:utm_campaign}' \/><\/li><li id='field_3_15'  class='gfield gform_hidden field_sublabel_below field_description_below gfield_visibility_visible trk_utm_term' ><input name='input_15' id='input_3_15' type='hidden' class='gform_hidden'  aria-invalid=\"false\" value='{get:utm_term}' \/><\/li><li id='field_3_16'  class='gfield gform_hidden field_sublabel_below field_description_below gfield_visibility_visible trk_utm_content' ><input name='input_16' id='input_3_16' type='hidden' class='gform_hidden'  aria-invalid=\"false\" value='{get:utm_content}' \/><\/li><li id='field_3_17'  class='gfield gform_hidden field_sublabel_below field_description_below gfield_visibility_visible trk_landing_path' ><input name='input_17' id='input_3_17' type='hidden' class='gform_hidden'  aria-invalid=\"false\" value='' \/><\/li><li id='field_3_6'  class='gfield consent gfield_contains_required field_sublabel_below field_description_below gfield_visibility_visible' ><label class='gfield_label'  ><span class='gfield_required'>*<\/span><\/label><div class='ginput_container ginput_container_consent'><input name='input_6.1' id='input_3_6_1' type='checkbox' value='1'   aria-required=\"true\" aria-invalid=\"false\"   \/> <label class=\"gfield_consent_label\" for='input_3_6_1' >Akzeptiere unsere <a href=\"\/allgemeine-geschaftsbedingungen\/\">AGB<\/a><\/label><input type='hidden' name='input_6.2' value='Akzeptiere unsere &lt;a href=&quot;\/allgemeine-geschaftsbedingungen\/&quot;&gt;AGB&lt;\/a&gt;' class='gform_hidden' \/><input type='hidden' name='input_6.3' value='3' class='gform_hidden' \/><\/div><\/li><li id='field_3_7'  class='gfield gform_hidden field_sublabel_below field_description_below gfield_visibility_visible' ><input name='input_7' id='input_3_7' type='hidden' class='gform_hidden'  aria-invalid=\"false\" value='User IP: 216.73.217.90 ; Posted in: ' \/><\/li>\n                            <\/ul><\/div>\n        <div class='gform_footer top_label'> <input type='submit' id='gform_submit_button_3' class='gform_button button' value='SENDEN'  onclick='if(window[\"gf_submitting_3\"]){return false;}  window[\"gf_submitting_3\"]=true;  ' onkeypress='if( event.keyCode == 13 ){ if(window[\"gf_submitting_3\"]){return false;} window[\"gf_submitting_3\"]=true;  jQuery(\"#gform_3\").trigger(\"submit\",[true]); }' \/> <input type='hidden' name='gform_ajax' value='form_id=3&amp;title=&amp;description=&amp;tabindex=0' \/>\n            <input type='hidden' class='gform_hidden' name='is_submit_3' value='1' \/>\n            <input type='hidden' class='gform_hidden' name='gform_submit' value='3' \/>\n            \n            <input type='hidden' class='gform_hidden' name='gform_unique_id' value='' \/>\n            <input type='hidden' class='gform_hidden' name='state_3' value='WyJ7XCI2LjFcIjpcIjk2ZTJiMjhlNjAxYjkyZDgzNjIzZTkzZmY5ZDFiNGI3XCIsXCI2LjJcIjpcIjMyYTFkODExYzdlYmE0OTM3ZTg1Y2Q2MjExNjQwYThhXCIsXCI2LjNcIjpcIjg5ZWFjM2FjYTVjMzkxOThjOTdhMWZmYjMxOTM3ODFmXCJ9IiwiZDVhMWQ5MjhjYjJhZjQ4ZmIzMTE4MzM4M2E5YTUwNGEiXQ==' \/>\n            <input type='hidden' class='gform_hidden' name='gform_target_page_number_3' id='gform_target_page_number_3' value='0' \/>\n            <input type='hidden' class='gform_hidden' name='gform_source_page_number_3' id='gform_source_page_number_3' value='1' \/>\n            <input type='hidden' name='gform_field_values' value='' \/>\n            \n        <\/div>\n                        <\/form>\n                        <\/div>\n                <iframe style='display:none;width:0px;height:0px;' src='about:blank' name='gform_ajax_frame_3' id='gform_ajax_frame_3' title='Cette iframe contient la logique n\u00e9cessaire pour manipuler Gravity Forms avec Ajax.'><\/iframe>\n                <script type='text\/javascript'>jQuery(document).ready(function($){gformInitSpinner( 3, 'https:\/\/www.10-q.at\/wp-content\/plugins\/gravityforms\/images\/spinner.gif' );jQuery('#gform_ajax_frame_3').on('load',function(){var contents = jQuery(this).contents().find('*').html();var is_postback = contents.indexOf('GF_AJAX_POSTBACK') >= 0;if(!is_postback){return;}var form_content = jQuery(this).contents().find('#gform_wrapper_3');var is_confirmation = jQuery(this).contents().find('#gform_confirmation_wrapper_3').length > 0;var is_redirect = contents.indexOf('gformRedirect(){') >= 0;var is_form = form_content.length > 0 && ! is_redirect && ! is_confirmation;var mt = parseInt(jQuery('html').css('margin-top'), 10) + parseInt(jQuery('body').css('margin-top'), 10) + 100;if(is_form){jQuery('#gform_wrapper_3').html(form_content.html());if(form_content.hasClass('gform_validation_error')){jQuery('#gform_wrapper_3').addClass('gform_validation_error');} else {jQuery('#gform_wrapper_3').removeClass('gform_validation_error');}setTimeout( function() { \/* delay the scroll by 50 milliseconds to fix a bug in chrome *\/ jQuery(document).scrollTop(jQuery('#gform_wrapper_3').offset().top - mt); }, 50 );if(window['gformInitDatepicker']) {gformInitDatepicker();}if(window['gformInitPriceFields']) {gformInitPriceFields();}var current_page = jQuery('#gform_source_page_number_3').val();gformInitSpinner( 3, 'https:\/\/www.10-q.at\/wp-content\/plugins\/gravityforms\/images\/spinner.gif' );jQuery(document).trigger('gform_page_loaded', [3, current_page]);window['gf_submitting_3'] = false;}else if(!is_redirect){var confirmation_content = jQuery(this).contents().find('.GF_AJAX_POSTBACK').html();if(!confirmation_content){confirmation_content = contents;}setTimeout(function(){jQuery('#gform_wrapper_3').replaceWith(confirmation_content);jQuery(document).scrollTop(jQuery('#gf_3').offset().top - mt);jQuery(document).trigger('gform_confirmation_loaded', [3]);window['gf_submitting_3'] = false;}, 50);}else{jQuery('#gform_3').append(contents);if(window['gformRedirect']) {gformRedirect();}}jQuery(document).trigger('gform_post_render', [3, current_page]);} );} );<\/script><script type='text\/javascript'> jQuery(document).bind('gform_post_render', function(event, formId, currentPage){if(formId == 3) {} } );jQuery(document).bind('gform_post_conditional_logic', function(event, formId, fields, isInit){} );<\/script><script type='text\/javascript'> jQuery(document).ready(function(){jQuery(document).trigger('gform_post_render', [3, 1]) } ); <\/script><\/section>\n\n<!-- Tracking-Felder f\u00fcr GF#3 bef\u00fcllen (auch bei AJAX-Render) -->\n<script>\n(function(){\n  function fillGF(formElem){\n    try{\n      var map = {\n        'trk_gclid':'gclid',\n        'trk_gbraid':'gbraid',\n        'trk_wbraid':'wbraid',\n        'trk_utm_source':'utm_source',\n        'trk_utm_medium':'utm_medium',\n        'trk_utm_campaign':'utm_campaign',\n        'trk_utm_term':'utm_term',\n        'trk_utm_content':'utm_content',\n        'trk_landing_path':'landing_path'\n      };\n      Object.keys(map).forEach(function(cls){\n        var key = map[cls];\n        var val = localStorage.getItem(key) || '';\n        if (!val && key === 'landing_path') { val = location.pathname + location.search; }\n        \/\/ Hidden-Feld \u00fcber CSS-Klasse finden (wie im Formular gesetzt)\n        var input = formElem.querySelector('.' + cls + ' input, .' + cls + ' textarea, .' + cls + ' select, .' + cls);\n        if (input && !input.value && val) { input.value = val; }\n      });\n    }catch(e){}\n  }\n\n  \/\/ 1) Initialer Render\n  document.addEventListener('DOMContentLoaded', function(){\n    var form = document.getElementById('gform_3');\n    if (form) fillGF(form);\n  });\n\n  \/\/ 2) Nach AJAX-Render von Gravity Forms\n  \/\/ (GF feuert dieses Event nach jedem Render\/Refresh des Formulars)\n  window.addEventListener('gform_post_render', function(e, formId){\n    if (formId === 3) {\n      var form = document.getElementById('gform_3');\n      if (form) fillGF(form);\n    }\n  });\n})();\n<\/script>\n\n\n<section class=\"wf_map\">\n    <div class=\"l\">\n         <div class=\"brlbs-cmpnt-container brlbs-cmpnt-content-blocker brlbs-cmpnt-with-individual-styles\" data-borlabs-cookie-content-blocker-id=\"default\" data-borlabs-cookie-content=\"PGlmcmFtZQogICAgICAgICAgICBzcmM9Imh0dHBzOi8vd3d3Lmdvb2dsZS5jb20vbWFwcy9lbWJlZD9wYj0hMW0xOCExbTEyITFtMyExZDI2NTguMTM2MzM3MjEwNDYyITJkMTYuNDA0MzIyMTc3MDM5ODczITNkNDguMjIzMjQ5MjQ1MTkyMTEhMm0zITFmMCEyZjAhM2YwITNtMiExaTEwMjQhMmk3NjghNGYxMy4xITNtMyExbTIhMXMweDQ3NmQwN2QyN2ZkMTk0Y2IlM0EweDg3MzVhMzc2MmViZmY1NWEhMnNXZWhsaXN0cmElQzMlOUZlJTIwMTU3JTJGMTklMkMlMjAxMDIwJTIwV2llbiUyQyUyMEF1c3RyaWEhNWUwITNtMiExc2VuITJzYmchNHYxNzMzMzAyNTcyNzQyITVtMiExc2VuITJzYmciCiAgICAgICAgICAgIHdpZHRoPSI2MDAiIGhlaWdodD0iNDUwIiBzdHlsZT0iYm9yZGVyOjA7IiBhbGxvd2Z1bGxzY3JlZW49IiIgbG9hZGluZz0ibGF6eSIKICAgICAgICAgICAgcmVmZXJyZXJwb2xpY3k9Im5vLXJlZmVycmVyLXdoZW4tZG93bmdyYWRlIj48L2lmcmFtZT4=\"><div class=\"brlbs-cmpnt-cb-preset-a\"> <p class=\"brlbs-cmpnt-cb-description\">Vous \u00eates actuellement en train de consulter le contenu d&#8217;un espace r\u00e9serv\u00e9 de <strong>Par d\u00e9faut<\/strong>. Pour acc\u00e9der au contenu r\u00e9el, cliquez sur le bouton ci-dessous. Veuillez noter que ce faisant, des donn\u00e9es seront partag\u00e9es avec des providers tiers.<\/p> <div class=\"brlbs-cmpnt-cb-buttons\"> <a class=\"brlbs-cmpnt-cb-btn\" href=\"#\" data-borlabs-cookie-unblock role=\"button\">D\u00e9bloquer le contenu<\/a> <a class=\"brlbs-cmpnt-cb-btn\" href=\"#\" data-borlabs-cookie-accept-service role=\"button\" style=\"display: none\">Accepter le service requis et d\u00e9bloquer les contenus<\/a> <\/div> <a class=\"brlbs-cmpnt-cb-provider-toggle\" href=\"#\" data-borlabs-cookie-show-provider-information role=\"button\">Plus d&#8217;informations<\/a> <\/div><\/div>\n    <\/div>\n    <div class=\"r\">\n        <h2 class='t2'>Wien &#8211; \u00d6sterreich<\/h2><h3 class='t3'>Zentrale<\/h3>\n        <ul>\n            <li><a href=\"https:\/\/maps.app.goo.gl\/LzaozjkqxgkzMzyb6\" rel=\"noopener\">10 Q Chauffeurservice &#8211; Wehlistra\u00dfe 157\/19, 1020 Vienna<\/a><\/li>\n            <li>\n                <a href=\"mailto:+office@10-q.at\"><strong>Email.:<\/strong> office@10-q.at<\/a>\n            <\/li>\n            <li><a href=\"https:\/\/www.10-q.at\"><strong>Web.:<\/strong> https:\/\/www.10-q.at<\/a><\/li>\n        <\/ul>\n    <\/div>\n\n<\/section>\n\n\n<details class=\"wp-block-details is-layout-flow wp-block-details-is-layout-flow\"><summary><\/summary><\/details>\n","protected":false},"excerpt":{"rendered":"","protected":false},"author":4,"featured_media":0,"parent":0,"menu_order":0,"comment_status":"closed","ping_status":"closed","template":"","meta":{"footnotes":""},"class_list":["post-472","page","type-page","status-publish","hentry"],"_links":{"self":[{"href":"https:\/\/www.10-q.at\/fr\/wp-json\/wp\/v2\/pages\/472","targetHints":{"allow":["GET"]}}],"collection":[{"href":"https:\/\/www.10-q.at\/fr\/wp-json\/wp\/v2\/pages"}],"about":[{"href":"https:\/\/www.10-q.at\/fr\/wp-json\/wp\/v2\/types\/page"}],"author":[{"embeddable":true,"href":"https:\/\/www.10-q.at\/fr\/wp-json\/wp\/v2\/users\/4"}],"replies":[{"embeddable":true,"href":"https:\/\/www.10-q.at\/fr\/wp-json\/wp\/v2\/comments?post=472"}],"version-history":[{"count":10,"href":"https:\/\/www.10-q.at\/fr\/wp-json\/wp\/v2\/pages\/472\/revisions"}],"predecessor-version":[{"id":6668,"href":"https:\/\/www.10-q.at\/fr\/wp-json\/wp\/v2\/pages\/472\/revisions\/6668"}],"wp:attachment":[{"href":"https:\/\/www.10-q.at\/fr\/wp-json\/wp\/v2\/media?parent=472"}],"curies":[{"name":"wp","href":"https:\/\/api.w.org\/{rel}","templated":true}]}}