{"id":5735,"date":"2025-06-25T17:16:04","date_gmt":"2025-06-25T15:16:04","guid":{"rendered":"https:\/\/www.10-q.at\/?page_id=5735"},"modified":"2025-06-25T18:04:47","modified_gmt":"2025-06-25T16:04:47","slug":"imprimir","status":"publish","type":"page","link":"https:\/\/www.10-q.at\/es\/impressum\/","title":{"rendered":"imprimir"},"content":{"rendered":"<section class=\"wf_text shell\">\r\n    <h1 class='wf_text_title'>Pie de imprenta:<\/h1>    <div class=\"wf_text_content\">\r\n        <p>\r\n            <p class=\"wp-block-heading\">Obligaci\u00f3n de facilitar informaci\u00f3n de conformidad con el art\u00edculo 5 de la Ley de Comercio Electr\u00f3nico, el art\u00edculo 14 del C\u00f3digo de Sociedades, el art\u00edculo 63 del Reglamento de Comercio &amp;<br \/>\nObligaci\u00f3n de divulgaci\u00f3n seg\u00fan el art. 25 de la Ley de Medios de Comunicaci\u00f3n<\/p>\n<h2><strong>10\/kju:\/e.U.<br \/>\n<\/strong><\/h2>\n<p><strong><br \/>\n<\/strong>Wehlistrasse 157\/19<br \/>\n1020 Viena<br \/>\noffice@10-q.at<\/p>\n<h2>Representado por:<\/h2>\n<p>Propietario: Amid AMIDOV<\/p>\n<h2>Registra la entrada:<\/h2>\n<p>Inscripci\u00f3n en el registro mercantil.<br \/>\nTribunal de registro: Tribunal de Comercio de Viena<br \/>\nN\u00famero de registro: 624908 h<\/p>\n<h2>Impuesto sobre el valor a\u00f1adido:<\/h2>\n<p>N\u00famero de identificaci\u00f3n fiscal seg\u00fan la ley del impuesto sobre las ventas:<br \/>\nN\u00ba UID: ATU80736928<\/p>\n<h2>Oficina de distrito del magistrado responsable:<\/h2>\n<p>Ayuntamiento de la ciudad de Viena<br \/>\nOficina Municipal del 2\u00ba y 20\u00ba Distrito<br \/>\nA-1200 Viena, Brigittaplatz 10<br \/>\nTel\u00e9fono: +43 1 4000 02000<br \/>\nFax: +43 1 4000 99 23210<br \/>\neMail:\u00a0<a href=\"mailto:post@mba20.wien.gv.at\">post@mba20.wien.gv.at<\/a><br \/>\nwww.gewerbe.wien.at<\/p>\n<h2 class=\"wp-block-heading\">C\u00e1mara\/Asociaci\u00f3n profesional:<\/h2>\n<p>C\u00e1mara Econ\u00f3mica Federal Austriaca, Divisi\u00f3n de Transporte y Tr\u00e1fico, Asociaci\u00f3n Profesional de la Industria del Transporte con Turismos<\/p>\n<h2>Principio de igualdad de trato en el transporte<\/h2>\n<p>10 Q ofrece servicios de transporte exclusivamente en funci\u00f3n de la disponibilidad de ch\u00f3feres, independientemente de la procedencia geogr\u00e1fica o del destino. No se hace distinci\u00f3n alguna por motivos de origen \u00e9tnico, color de piel, nacionalidad, religi\u00f3n, orientaci\u00f3n sexual, identidad de g\u00e9nero, estado civil, discapacidad, edad u otras caracter\u00edsticas legalmente protegidas, tal como se definen en la legislaci\u00f3n federal o estatal aplicable.<\/p>\n<h2>Nota sobre la resoluci\u00f3n de litigios y el arbitraje en l\u00ednea<\/h2>\n<p data-start=\"256\" data-end=\"657\">La Comisi\u00f3n Europea ofrece una plataforma de resoluci\u00f3n de litigios en l\u00ednea (denominada <strong data-start=\"344\" data-end=\"360\">Plataforma OS<\/strong>). Sirve como punto central de contacto para la resoluci\u00f3n extrajudicial de litigios derivados de contratos de compra o de servicios en l\u00ednea. Se puede acceder a la plataforma ODR a trav\u00e9s del siguiente enlace: \ud83d\udc49 <a class=\"\" href=\"https:\/\/ec.europa.eu\/consumers\/odr\" target=\"_new\" rel=\"noopener\" data-start=\"585\" data-end=\"657\">https:\/\/ec.europa.eu\/consumers\/odr<\/a><\/p>\n<p data-start=\"659\" data-end=\"830\">10 Q declara que no est\u00e1 dispuesta ni obligada a participar en un procedimiento de resoluci\u00f3n de litigios ante una junta arbitral de consumo.<\/p>\n        <\/p>\r\n\r\n        <div><p><\/p><\/div>    <\/div>\r\n    \r\n    <figure itemscope=\"\" itemtype=\"http:\/\/schema.org\/ImageObject\">\r\n                <!-- Passed argument 'attachment_id' is NOT a number! -->        <div>\r\n            <!-- Passed argument 'attachment_id' is NOT a number! -->\r\n            <p><\/p>\r\n\r\n        <\/div>\r\n\r\n    <\/figure>\r\n<\/section>","protected":false},"excerpt":{"rendered":"","protected":false},"author":4,"featured_media":0,"parent":0,"menu_order":0,"comment_status":"closed","ping_status":"closed","template":"","meta":{"footnotes":""},"class_list":["post-5735","page","type-page","status-publish","hentry"],"_links":{"self":[{"href":"https:\/\/www.10-q.at\/es\/wp-json\/wp\/v2\/pages\/5735","targetHints":{"allow":["GET"]}}],"collection":[{"href":"https:\/\/www.10-q.at\/es\/wp-json\/wp\/v2\/pages"}],"about":[{"href":"https:\/\/www.10-q.at\/es\/wp-json\/wp\/v2\/types\/page"}],"author":[{"embeddable":true,"href":"https:\/\/www.10-q.at\/es\/wp-json\/wp\/v2\/users\/4"}],"replies":[{"embeddable":true,"href":"https:\/\/www.10-q.at\/es\/wp-json\/wp\/v2\/comments?post=5735"}],"version-history":[{"count":10,"href":"https:\/\/www.10-q.at\/es\/wp-json\/wp\/v2\/pages\/5735\/revisions"}],"predecessor-version":[{"id":5777,"href":"https:\/\/www.10-q.at\/es\/wp-json\/wp\/v2\/pages\/5735\/revisions\/5777"}],"wp:attachment":[{"href":"https:\/\/www.10-q.at\/es\/wp-json\/wp\/v2\/media?parent=5735"}],"curies":[{"name":"wp","href":"https:\/\/api.w.org\/{rel}","templated":true}]}}