{"id":5735,"date":"2025-06-25T17:16:04","date_gmt":"2025-06-25T15:16:04","guid":{"rendered":"https:\/\/www.10-q.at\/?page_id=5735"},"modified":"2025-06-25T18:04:47","modified_gmt":"2025-06-25T16:04:47","slug":"impressum","status":"publish","type":"page","link":"https:\/\/www.10-q.at\/de\/impressum\/","title":{"rendered":"impressum"},"content":{"rendered":"<section class=\"wf_text shell\">\r\n    <h1 class='wf_text_title'>Impressum:<\/h1>    <div class=\"wf_text_content\">\r\n        <p>\r\n            <p class=\"wp-block-heading\">Informationspflicht gem\u00e4\u00df \u00a7 5 E-Commerce Gesetz, \u00a7 14 Unternehmensgesetzbuch, \u00a7 63 Gewerbeverordung &amp;<br \/>\nOffenlegungspflicht laut \u00a7 25 Mediengesetz<\/p>\n<h2><strong>10\/kju:\/e.U.<br \/>\n<\/strong><\/h2>\n<p><strong><br \/>\n<\/strong>Wehlistra\u00dfe 157\/19<br \/>\n1020 Wien<br \/>\noffice@10-q.at<\/p>\n<h2>Vertreten durch:<\/h2>\n<p>Inhaber: Amid AMIDOV<\/p>\n<h2>Registereintrag:<\/h2>\n<p>Eintragung im Handelsregister.<br \/>\nRegistergericht: Handelsgericht Wien<br \/>\nRegisternummer: 624908 h<\/p>\n<h2>Umsatzsteuer:<\/h2>\n<p>Umsatzsteuer-Identifikationsnummer gem\u00e4\u00df Umsatzsteuergesetz:<br \/>\nUID-Nr.: ATU80736928<\/p>\n<h2>Zust\u00e4ndiges magistratisches Bezirksamt:<\/h2>\n<p>Magistrat der Stadt Wien<br \/>\nMagistratisches Bezirksamt f\u00fcr den 2. &amp; 20. Bezirk<br \/>\nA-1200 Wien, Brigittaplatz 10<br \/>\nTel.: +43 1 4000 02000<br \/>\nFax: +43 1 4000 99 23210<br \/>\neMail:\u00a0<a href=\"mailto:post@mba20.wien.gv.at\">post@mba20.wien.gv.at<\/a><br \/>\nwww.gewerbe.wien.at<\/p>\n<h2 class=\"wp-block-heading\">Kammer\/Berufsverband:<\/h2>\n<p>Wirtschaftskammer \u00d6sterreich, Sparte Transport und Verkehr, Fachverband f\u00fcr die Bef\u00f6rderungsgewerbe mit Personenkraftwagen<\/p>\n<h2>Grundsatz zur Gleichbehandlung bei der Bef\u00f6rderung<\/h2>\n<p>10 Q bietet Bef\u00f6rderungsdienste ausschlie\u00dflich abh\u00e4ngig von der Verf\u00fcgbarkeit der Chauffeure an \u2013 unabh\u00e4ngig vom geografischen Abfahrts- oder Zielort. Dabei wird keine Unterscheidung aufgrund von ethnischer Herkunft, Hautfarbe, Nationalit\u00e4t, Religion, sexueller Orientierung, Geschlechtsidentit\u00e4t, Familienstand, Behinderung, Alter oder anderen gesetzlich gesch\u00fctzten Merkmalen getroffen, wie sie durch geltendes Bundes- oder Landesrecht definiert sind.<\/p>\n<h2>Hinweis zur Online-Streitbeilegung und Schlichtung<\/h2>\n<p data-start=\"256\" data-end=\"657\">Die Europ\u00e4ische Kommission stellt eine Plattform zur Online-Streitbeilegung (sogenannte <strong data-start=\"344\" data-end=\"360\">OS-Plattform<\/strong>) bereit. Diese dient als zentrale Anlaufstelle zur au\u00dfergerichtlichen Beilegung von Streitigkeiten, die sich aus Online-Kauf- oder Dienstleistungsvertr\u00e4gen ergeben. Die OS-Plattform ist unter folgendem Link erreichbar: \ud83d\udc49 <a class=\"\" href=\"https:\/\/ec.europa.eu\/consumers\/odr\" target=\"_new\" rel=\"noopener\" data-start=\"585\" data-end=\"657\">https:\/\/ec.europa.eu\/consumers\/odr<\/a><\/p>\n<p data-start=\"659\" data-end=\"830\">10 Q erkl\u00e4rt sich nicht bereit und ist auch nicht verpflichtet, an einem Streitbeilegungsverfahren vor einer Verbraucherschlichtungsstelle teilzunehmen.<\/p>\n        <\/p>\r\n\r\n        <div><p><\/p><\/div>    <\/div>\r\n    \r\n    <figure itemscope=\"\" itemtype=\"http:\/\/schema.org\/ImageObject\">\r\n                <!-- Passed argument 'attachment_id' is NOT a number! -->        <div>\r\n            <!-- Passed argument 'attachment_id' is NOT a number! -->\r\n            <p><\/p>\r\n\r\n        <\/div>\r\n\r\n    <\/figure>\r\n<\/section>","protected":false},"excerpt":{"rendered":"","protected":false},"author":4,"featured_media":0,"parent":0,"menu_order":0,"comment_status":"closed","ping_status":"closed","template":"","meta":{"footnotes":""},"class_list":["post-5735","page","type-page","status-publish","hentry"],"_links":{"self":[{"href":"https:\/\/www.10-q.at\/de\/wp-json\/wp\/v2\/pages\/5735","targetHints":{"allow":["GET"]}}],"collection":[{"href":"https:\/\/www.10-q.at\/de\/wp-json\/wp\/v2\/pages"}],"about":[{"href":"https:\/\/www.10-q.at\/de\/wp-json\/wp\/v2\/types\/page"}],"author":[{"embeddable":true,"href":"https:\/\/www.10-q.at\/de\/wp-json\/wp\/v2\/users\/4"}],"replies":[{"embeddable":true,"href":"https:\/\/www.10-q.at\/de\/wp-json\/wp\/v2\/comments?post=5735"}],"version-history":[{"count":10,"href":"https:\/\/www.10-q.at\/de\/wp-json\/wp\/v2\/pages\/5735\/revisions"}],"predecessor-version":[{"id":5777,"href":"https:\/\/www.10-q.at\/de\/wp-json\/wp\/v2\/pages\/5735\/revisions\/5777"}],"wp:attachment":[{"href":"https:\/\/www.10-q.at\/de\/wp-json\/wp\/v2\/media?parent=5735"}],"curies":[{"name":"wp","href":"https:\/\/api.w.org\/{rel}","templated":true}]}}